{"id":9343,"date":"2024-12-09T15:30:41","date_gmt":"2024-12-09T12:30:41","guid":{"rendered":"https:\/\/kastespakomatiem.lv\/shop\/uncategorized\/caurspidiga-limlente-akrils-48mm-40m-201\/"},"modified":"2025-04-24T17:40:29","modified_gmt":"2025-04-24T14:40:29","slug":"caurspidiga-limlente-akrils-48mm-40m-201","status":"publish","type":"product","link":"https:\/\/kastespakomatiem.lv\/en\/shop\/tapes\/transparents\/caurspidiga-limlente-akrils-48mm-40m-201\/","title":{"rendered":"Transparent tape, ACRYLIC 48mm\/40m 201"},"content":{"rendered":"<div class=\"detail-traits-wrapper\">\n<h3>Product Specifications<\/h3>\n<table id=\"detail-traits\">\n<tbody>\n<tr>\n<td>Quantity<\/td>\n<td>1 pc.<\/td>\n<\/tr>\n<tr>\n<td>Length<\/td>\n<td>40 m<\/td>\n<\/tr>\n<tr>\n<td><\/td>\n<td><\/td>\n<\/tr>\n<tr>\n<td>Width<\/td>\n<td>48 mm<\/td>\n<\/tr>\n<tr>\n<td>Tape thickness<\/td>\n<td>36 mkr<\/td>\n<\/tr>\n<tr>\n<td>Adhesive type<\/td>\n<td>Acrylic adhesive<\/td>\n<\/tr>\n<tr>\n<td>Material<\/td>\n<td>PP Polypropylene<\/td>\n<\/tr>\n<tr>\n<td>Color<\/td>\n<td>Transparent<\/td>\n<\/tr>\n<tr>\n<td>Purpose<\/td>\n<td>Ideal for sealing light cardboard boxes and boxes made from various types of cardboard.<\/td>\n<\/tr>\n<\/tbody>\n<\/table>\n<\/div>\n","protected":false},"excerpt":{"rendered":"<p>Product Specifications Quantity 1 pc. Length 40 m Width 48 mm Tape thickness 36 mkr Adhesive type Acrylic adhesive Material PP Polypropylene Color Transparent Purpose Ideal for sealing light cardboard boxes and boxes made from various types of cardboard.<\/p>\n","protected":false},"featured_media":8410,"template":"","meta":[],"product_cat":[111,135],"product_tag":[],"class_list":{"0":"post-9343","1":"product","2":"type-product","3":"status-publish","4":"has-post-thumbnail","6":"product_cat-tapes","7":"product_cat-transparents","8":"product_shipping_class-pakomats-en","10":"first","11":"instock","12":"taxable","13":"shipping-taxable","14":"purchasable","15":"product-type-simple"},"yoast_head":"<!-- This site is optimized with the Yoast SEO Premium plugin v24.9 (Yoast SEO v24.9) - https:\/\/yoast.com\/wordpress\/plugins\/seo\/ -->\n<title>Transparent tape, ACRYLIC 48mm\/40m 201<\/title>\n<meta name=\"robots\" content=\"index, follow, max-snippet:-1, max-image-preview:large, max-video-preview:-1\" \/>\n<link rel=\"canonical\" href=\"https:\/\/kastespakomatiem.lv\/en\/shop\/tapes\/transparents\/caurspidiga-limlente-akrils-48mm-40m-201\/\" \/>\n<meta property=\"og:locale\" content=\"en_US\" \/>\n<meta property=\"og:type\" content=\"article\" \/>\n<meta property=\"og:title\" content=\"Transparent tape, ACRYLIC 48mm\/40m 201\" \/>\n<meta property=\"og:description\" content=\"Product Specifications Quantity 1 pc. Length 40 m Width 48 mm Tape thickness 36 mkr Adhesive type Acrylic adhesive Material PP Polypropylene Color Transparent Purpose Ideal for sealing light cardboard boxes and boxes made from various types of cardboard.\" \/>\n<meta property=\"og:url\" content=\"https:\/\/kastespakomatiem.lv\/en\/shop\/tapes\/transparents\/caurspidiga-limlente-akrils-48mm-40m-201\/\" \/>\n<meta property=\"og:site_name\" content=\"Kastes pakom\u0101tiem\" \/>\n<meta property=\"article:modified_time\" content=\"2025-04-24T14:40:29+00:00\" \/>\n<meta property=\"og:image\" content=\"https:\/\/kastespakomatiem.lv\/wp-content\/uploads\/2024\/12\/caurspidiga-limlente-akrils-48mm-40m-201.png\" \/>\n\t<meta property=\"og:image:width\" content=\"500\" \/>\n\t<meta property=\"og:image:height\" content=\"500\" \/>\n\t<meta property=\"og:image:type\" content=\"image\/png\" \/>\n<meta name=\"twitter:card\" content=\"summary_large_image\" \/>\n<script type=\"application\/ld+json\" class=\"yoast-schema-graph\">{\"@context\":\"https:\/\/schema.org\",\"@graph\":[{\"@type\":\"WebPage\",\"@id\":\"https:\/\/kastespakomatiem.lv\/en\/shop\/tapes\/transparents\/caurspidiga-limlente-akrils-48mm-40m-201\/\",\"url\":\"https:\/\/kastespakomatiem.lv\/en\/shop\/tapes\/transparents\/caurspidiga-limlente-akrils-48mm-40m-201\/\",\"name\":\"Transparent tape, ACRYLIC 48mm\/40m 201\",\"isPartOf\":{\"@id\":\"https:\/\/kastespakomatiem.lv\/en\/#website\"},\"primaryImageOfPage\":{\"@id\":\"https:\/\/kastespakomatiem.lv\/en\/shop\/tapes\/transparents\/caurspidiga-limlente-akrils-48mm-40m-201\/#primaryimage\"},\"image\":{\"@id\":\"https:\/\/kastespakomatiem.lv\/en\/shop\/tapes\/transparents\/caurspidiga-limlente-akrils-48mm-40m-201\/#primaryimage\"},\"thumbnailUrl\":\"https:\/\/kastespakomatiem.lv\/wp-content\/uploads\/2024\/12\/caurspidiga-limlente-akrils-48mm-40m-201.png\",\"datePublished\":\"2024-12-09T12:30:41+00:00\",\"dateModified\":\"2025-04-24T14:40:29+00:00\",\"breadcrumb\":{\"@id\":\"https:\/\/kastespakomatiem.lv\/en\/shop\/tapes\/transparents\/caurspidiga-limlente-akrils-48mm-40m-201\/#breadcrumb\"},\"inLanguage\":\"en-US\",\"potentialAction\":[{\"@type\":\"ReadAction\",\"target\":[\"https:\/\/kastespakomatiem.lv\/en\/shop\/tapes\/transparents\/caurspidiga-limlente-akrils-48mm-40m-201\/\"]}]},{\"@type\":\"ImageObject\",\"inLanguage\":\"en-US\",\"@id\":\"https:\/\/kastespakomatiem.lv\/en\/shop\/tapes\/transparents\/caurspidiga-limlente-akrils-48mm-40m-201\/#primaryimage\",\"url\":\"https:\/\/kastespakomatiem.lv\/wp-content\/uploads\/2024\/12\/caurspidiga-limlente-akrils-48mm-40m-201.png\",\"contentUrl\":\"https:\/\/kastespakomatiem.lv\/wp-content\/uploads\/2024\/12\/caurspidiga-limlente-akrils-48mm-40m-201.png\",\"width\":500,\"height\":500},{\"@type\":\"BreadcrumbList\",\"@id\":\"https:\/\/kastespakomatiem.lv\/en\/shop\/tapes\/transparents\/caurspidiga-limlente-akrils-48mm-40m-201\/#breadcrumb\",\"itemListElement\":[{\"@type\":\"ListItem\",\"position\":1,\"name\":\"\u0413\u043b\u0430\u0432\u043d\u0430\u044f \u0441\u0442\u0440\u0430\u043d\u0438\u0446\u0430\",\"item\":\"https:\/\/kastespakomatiem.lv\/en\/\"},{\"@type\":\"ListItem\",\"position\":2,\"name\":\"Shop\",\"item\":\"https:\/\/kastespakomatiem.lv\/veikals\/\"},{\"@type\":\"ListItem\",\"position\":3,\"name\":\"Transparent tape, ACRYLIC 48mm\/40m 201\"}]},{\"@type\":\"WebSite\",\"@id\":\"https:\/\/kastespakomatiem.lv\/en\/#website\",\"url\":\"https:\/\/kastespakomatiem.lv\/en\/\",\"name\":\"Kastes pakom\u0101tiem\",\"description\":\"Gatavas kartona iepakojums un iepakojuma materi\u0101li, kas atbilst Omniva, Latvijas pasts. Itella Smartpost, UDrop, DPD un citu pakom\u0101tu XS, S, M un L kast\u012b\u0161u izm\u0113riem.\",\"publisher\":{\"@id\":\"https:\/\/kastespakomatiem.lv\/en\/#organization\"},\"potentialAction\":[{\"@type\":\"SearchAction\",\"target\":{\"@type\":\"EntryPoint\",\"urlTemplate\":\"https:\/\/kastespakomatiem.lv\/en\/?s={search_term_string}\"},\"query-input\":{\"@type\":\"PropertyValueSpecification\",\"valueRequired\":true,\"valueName\":\"search_term_string\"}}],\"inLanguage\":\"en-US\"},{\"@type\":\"Organization\",\"@id\":\"https:\/\/kastespakomatiem.lv\/en\/#organization\",\"name\":\"Kastes pakom\u0101tiem\",\"url\":\"https:\/\/kastespakomatiem.lv\/en\/\",\"logo\":{\"@type\":\"ImageObject\",\"inLanguage\":\"en-US\",\"@id\":\"https:\/\/kastespakomatiem.lv\/en\/#\/schema\/logo\/image\/\",\"url\":\"https:\/\/kastespakomatiem.lv\/wp-content\/uploads\/2024\/11\/logo.png\",\"contentUrl\":\"https:\/\/kastespakomatiem.lv\/wp-content\/uploads\/2024\/11\/logo.png\",\"width\":300,\"height\":148,\"caption\":\"Kastes pakom\u0101tiem\"},\"image\":{\"@id\":\"https:\/\/kastespakomatiem.lv\/en\/#\/schema\/logo\/image\/\"}}]}<\/script>\n<!-- \/ Yoast SEO Premium plugin. -->","yoast_head_json":{"title":"Transparent tape, ACRYLIC 48mm\/40m 201","robots":{"index":"index","follow":"follow","max-snippet":"max-snippet:-1","max-image-preview":"max-image-preview:large","max-video-preview":"max-video-preview:-1"},"canonical":"https:\/\/kastespakomatiem.lv\/en\/shop\/tapes\/transparents\/caurspidiga-limlente-akrils-48mm-40m-201\/","og_locale":"en_US","og_type":"article","og_title":"Transparent tape, ACRYLIC 48mm\/40m 201","og_description":"Product Specifications Quantity 1 pc. Length 40 m Width 48 mm Tape thickness 36 mkr Adhesive type Acrylic adhesive Material PP Polypropylene Color Transparent Purpose Ideal for sealing light cardboard boxes and boxes made from various types of cardboard.","og_url":"https:\/\/kastespakomatiem.lv\/en\/shop\/tapes\/transparents\/caurspidiga-limlente-akrils-48mm-40m-201\/","og_site_name":"Kastes pakom\u0101tiem","article_modified_time":"2025-04-24T14:40:29+00:00","og_image":[{"width":500,"height":500,"url":"https:\/\/kastespakomatiem.lv\/wp-content\/uploads\/2024\/12\/caurspidiga-limlente-akrils-48mm-40m-201.png","type":"image\/png"}],"twitter_card":"summary_large_image","schema":{"@context":"https:\/\/schema.org","@graph":[{"@type":"WebPage","@id":"https:\/\/kastespakomatiem.lv\/en\/shop\/tapes\/transparents\/caurspidiga-limlente-akrils-48mm-40m-201\/","url":"https:\/\/kastespakomatiem.lv\/en\/shop\/tapes\/transparents\/caurspidiga-limlente-akrils-48mm-40m-201\/","name":"Transparent tape, ACRYLIC 48mm\/40m 201","isPartOf":{"@id":"https:\/\/kastespakomatiem.lv\/en\/#website"},"primaryImageOfPage":{"@id":"https:\/\/kastespakomatiem.lv\/en\/shop\/tapes\/transparents\/caurspidiga-limlente-akrils-48mm-40m-201\/#primaryimage"},"image":{"@id":"https:\/\/kastespakomatiem.lv\/en\/shop\/tapes\/transparents\/caurspidiga-limlente-akrils-48mm-40m-201\/#primaryimage"},"thumbnailUrl":"https:\/\/kastespakomatiem.lv\/wp-content\/uploads\/2024\/12\/caurspidiga-limlente-akrils-48mm-40m-201.png","datePublished":"2024-12-09T12:30:41+00:00","dateModified":"2025-04-24T14:40:29+00:00","breadcrumb":{"@id":"https:\/\/kastespakomatiem.lv\/en\/shop\/tapes\/transparents\/caurspidiga-limlente-akrils-48mm-40m-201\/#breadcrumb"},"inLanguage":"en-US","potentialAction":[{"@type":"ReadAction","target":["https:\/\/kastespakomatiem.lv\/en\/shop\/tapes\/transparents\/caurspidiga-limlente-akrils-48mm-40m-201\/"]}]},{"@type":"ImageObject","inLanguage":"en-US","@id":"https:\/\/kastespakomatiem.lv\/en\/shop\/tapes\/transparents\/caurspidiga-limlente-akrils-48mm-40m-201\/#primaryimage","url":"https:\/\/kastespakomatiem.lv\/wp-content\/uploads\/2024\/12\/caurspidiga-limlente-akrils-48mm-40m-201.png","contentUrl":"https:\/\/kastespakomatiem.lv\/wp-content\/uploads\/2024\/12\/caurspidiga-limlente-akrils-48mm-40m-201.png","width":500,"height":500},{"@type":"BreadcrumbList","@id":"https:\/\/kastespakomatiem.lv\/en\/shop\/tapes\/transparents\/caurspidiga-limlente-akrils-48mm-40m-201\/#breadcrumb","itemListElement":[{"@type":"ListItem","position":1,"name":"\u0413\u043b\u0430\u0432\u043d\u0430\u044f \u0441\u0442\u0440\u0430\u043d\u0438\u0446\u0430","item":"https:\/\/kastespakomatiem.lv\/en\/"},{"@type":"ListItem","position":2,"name":"Shop","item":"https:\/\/kastespakomatiem.lv\/veikals\/"},{"@type":"ListItem","position":3,"name":"Transparent tape, ACRYLIC 48mm\/40m 201"}]},{"@type":"WebSite","@id":"https:\/\/kastespakomatiem.lv\/en\/#website","url":"https:\/\/kastespakomatiem.lv\/en\/","name":"Kastes pakom\u0101tiem","description":"Gatavas kartona iepakojums un iepakojuma materi\u0101li, kas atbilst Omniva, Latvijas pasts. Itella Smartpost, UDrop, DPD un citu pakom\u0101tu XS, S, M un L kast\u012b\u0161u izm\u0113riem.","publisher":{"@id":"https:\/\/kastespakomatiem.lv\/en\/#organization"},"potentialAction":[{"@type":"SearchAction","target":{"@type":"EntryPoint","urlTemplate":"https:\/\/kastespakomatiem.lv\/en\/?s={search_term_string}"},"query-input":{"@type":"PropertyValueSpecification","valueRequired":true,"valueName":"search_term_string"}}],"inLanguage":"en-US"},{"@type":"Organization","@id":"https:\/\/kastespakomatiem.lv\/en\/#organization","name":"Kastes pakom\u0101tiem","url":"https:\/\/kastespakomatiem.lv\/en\/","logo":{"@type":"ImageObject","inLanguage":"en-US","@id":"https:\/\/kastespakomatiem.lv\/en\/#\/schema\/logo\/image\/","url":"https:\/\/kastespakomatiem.lv\/wp-content\/uploads\/2024\/11\/logo.png","contentUrl":"https:\/\/kastespakomatiem.lv\/wp-content\/uploads\/2024\/11\/logo.png","width":300,"height":148,"caption":"Kastes pakom\u0101tiem"},"image":{"@id":"https:\/\/kastespakomatiem.lv\/en\/#\/schema\/logo\/image\/"}}]}},"_links":{"self":[{"href":"https:\/\/kastespakomatiem.lv\/en\/wp-json\/wp\/v2\/product\/9343","targetHints":{"allow":["GET"]}}],"collection":[{"href":"https:\/\/kastespakomatiem.lv\/en\/wp-json\/wp\/v2\/product"}],"about":[{"href":"https:\/\/kastespakomatiem.lv\/en\/wp-json\/wp\/v2\/types\/product"}],"wp:featuredmedia":[{"embeddable":true,"href":"https:\/\/kastespakomatiem.lv\/en\/wp-json\/wp\/v2\/media\/8410"}],"wp:attachment":[{"href":"https:\/\/kastespakomatiem.lv\/en\/wp-json\/wp\/v2\/media?parent=9343"}],"wp:term":[{"taxonomy":"product_cat","embeddable":true,"href":"https:\/\/kastespakomatiem.lv\/en\/wp-json\/wp\/v2\/product_cat?post=9343"},{"taxonomy":"product_tag","embeddable":true,"href":"https:\/\/kastespakomatiem.lv\/en\/wp-json\/wp\/v2\/product_tag?post=9343"}],"curies":[{"name":"wp","href":"https:\/\/api.w.org\/{rel}","templated":true}]}}