{"id":9345,"date":"2024-12-09T15:20:55","date_gmt":"2024-12-09T12:20:55","guid":{"rendered":"https:\/\/kastespakomatiem.lv\/shop\/uncategorized\/polstereta-aploksne-airpro-green-d-14\/"},"modified":"2025-02-24T17:04:47","modified_gmt":"2025-02-24T14:04:47","slug":"padded-envelope-airpro-green-d-14","status":"publish","type":"product","link":"https:\/\/kastespakomatiem.lv\/en\/shop\/envelopes\/white\/padded-envelope-airpro-green-d-14\/","title":{"rendered":"Padded envelope AirPro Green D\/14"},"content":{"rendered":"<div class=\"detail-traits-wrapper\">\n<h3>Product Purpose<\/h3>\n<ul>\n<li>Document shipping<\/li>\n<li>Safe packaging for fragile items.<\/li>\n<li>Office and personal use.<\/li>\n<\/ul>\n<h3>Product Specifications<\/h3>\n<table id=\"detail-traits\">\n<tbody>\n<tr>\n<td>Quantity<\/td>\n<td>1 pc. <\/td>\n<\/tr>\n<tr>\n<td>Size<\/td>\n<td>A5 \/ C5, D14<\/td>\n<\/tr>\n<tr>\n<td>Width<\/td>\n<td>200mm<\/td>\n<\/tr>\n<tr>\n<td>Length<\/td>\n<td>265mm<\/td>\n<\/tr>\n<tr>\n<td>Color<\/td>\n<td>White<\/td>\n<\/tr>\n<tr>\n<td>Purpose<\/td>\n<td>Parcel lockers, Mail shipments<\/td>\n<\/tr>\n<tr>\n<td>Weight<\/td>\n<td>250 g\/m\u00b2<\/td>\n<\/tr>\n<tr>\n<td>Envelope type<\/td>\n<td>Multi-layer shock-absorbing envelopes with bubble wrap<\/td>\n<\/tr>\n<tr>\n<td>Paper type<\/td>\n<td>Eco paper<\/td>\n<\/tr>\n<tr>\n<td>Temperature resistance<\/td>\n<td>from &#8211; 40 to + 100<\/td>\n<\/tr>\n<tr>\n<td>Envelope purpose<\/td>\n<td>Jewelry, CD and DVD packaging, cosmetics: lipstick, nail polish, perfume, smartphones and small phone accessories, console games, medium-sized books, watches, car parts,<br \/>\nclothing items such as gloves, scarves, socks, art and collectibles such as coins, stamps, phone chargers, batteries, computer accessories, small tools. Stationery items.<\/td>\n<\/tr>\n<\/tbody>\n<\/table>\n<\/div>\n","protected":false},"excerpt":{"rendered":"<p>Product Purpose Document shipping Safe packaging for fragile items. Office and personal use. Product Specifications Quantity 1 pc. Size A5 \/ C5, D14 Width 200mm Length 265mm Color White Purpose Parcel lockers, Mail shipments Weight 250 g\/m\u00b2 Envelope type Multi-layer shock-absorbing envelopes with bubble wrap Paper type Eco paper Temperature resistance from &#8211; 40 to [&hellip;]<\/p>\n","protected":false},"featured_media":8356,"template":"","meta":[],"product_cat":[69,71,99,101],"product_tag":[],"class_list":{"0":"post-9345","1":"product","2":"type-product","3":"status-publish","4":"has-post-thumbnail","6":"product_cat-aploksnes","7":"product_cat-balta","8":"product_cat-envelopes","9":"product_cat-white","11":"first","12":"outofstock","13":"taxable","14":"shipping-taxable","15":"purchasable","16":"product-type-simple"},"yoast_head":"<!-- This site is optimized with the Yoast SEO Premium plugin v24.9 (Yoast SEO v24.9) - https:\/\/yoast.com\/wordpress\/plugins\/seo\/ -->\n<title>Padded envelope AirPro Green D\/14<\/title>\n<meta name=\"robots\" content=\"index, follow, max-snippet:-1, max-image-preview:large, max-video-preview:-1\" \/>\n<link rel=\"canonical\" href=\"https:\/\/kastespakomatiem.lv\/en\/shop\/envelopes\/white\/padded-envelope-airpro-green-d-14\/\" \/>\n<meta property=\"og:locale\" content=\"en_US\" \/>\n<meta property=\"og:type\" content=\"article\" \/>\n<meta property=\"og:title\" content=\"Padded envelope AirPro Green D\/14\" \/>\n<meta property=\"og:description\" content=\"Product Purpose Document shipping Safe packaging for fragile items. Office and personal use. Product Specifications Quantity 1 pc. Size A5 \/ C5, D14 Width 200mm Length 265mm Color White Purpose Parcel lockers, Mail shipments Weight 250 g\/m\u00b2 Envelope type Multi-layer shock-absorbing envelopes with bubble wrap Paper type Eco paper Temperature resistance from &#8211; 40 to [&hellip;]\" \/>\n<meta property=\"og:url\" content=\"https:\/\/kastespakomatiem.lv\/en\/shop\/envelopes\/white\/padded-envelope-airpro-green-d-14\/\" \/>\n<meta property=\"og:site_name\" content=\"Kastes pakom\u0101tiem\" \/>\n<meta property=\"article:modified_time\" content=\"2025-02-24T14:04:47+00:00\" \/>\n<meta property=\"og:image\" content=\"https:\/\/kastespakomatiem.lv\/wp-content\/uploads\/2024\/12\/aploksne-AirPro-Green-D-14-1.png\" \/>\n\t<meta property=\"og:image:width\" content=\"500\" \/>\n\t<meta property=\"og:image:height\" content=\"500\" \/>\n\t<meta property=\"og:image:type\" content=\"image\/png\" \/>\n<meta name=\"twitter:card\" content=\"summary_large_image\" \/>\n<script type=\"application\/ld+json\" class=\"yoast-schema-graph\">{\"@context\":\"https:\/\/schema.org\",\"@graph\":[{\"@type\":\"WebPage\",\"@id\":\"https:\/\/kastespakomatiem.lv\/en\/shop\/envelopes\/white\/padded-envelope-airpro-green-d-14\/\",\"url\":\"https:\/\/kastespakomatiem.lv\/en\/shop\/envelopes\/white\/padded-envelope-airpro-green-d-14\/\",\"name\":\"Padded envelope AirPro Green D\/14\",\"isPartOf\":{\"@id\":\"https:\/\/kastespakomatiem.lv\/en\/#website\"},\"primaryImageOfPage\":{\"@id\":\"https:\/\/kastespakomatiem.lv\/en\/shop\/envelopes\/white\/padded-envelope-airpro-green-d-14\/#primaryimage\"},\"image\":{\"@id\":\"https:\/\/kastespakomatiem.lv\/en\/shop\/envelopes\/white\/padded-envelope-airpro-green-d-14\/#primaryimage\"},\"thumbnailUrl\":\"https:\/\/kastespakomatiem.lv\/wp-content\/uploads\/2024\/12\/aploksne-AirPro-Green-D-14-1.png\",\"datePublished\":\"2024-12-09T12:20:55+00:00\",\"dateModified\":\"2025-02-24T14:04:47+00:00\",\"breadcrumb\":{\"@id\":\"https:\/\/kastespakomatiem.lv\/en\/shop\/envelopes\/white\/padded-envelope-airpro-green-d-14\/#breadcrumb\"},\"inLanguage\":\"en-US\",\"potentialAction\":[{\"@type\":\"ReadAction\",\"target\":[\"https:\/\/kastespakomatiem.lv\/en\/shop\/envelopes\/white\/padded-envelope-airpro-green-d-14\/\"]}]},{\"@type\":\"ImageObject\",\"inLanguage\":\"en-US\",\"@id\":\"https:\/\/kastespakomatiem.lv\/en\/shop\/envelopes\/white\/padded-envelope-airpro-green-d-14\/#primaryimage\",\"url\":\"https:\/\/kastespakomatiem.lv\/wp-content\/uploads\/2024\/12\/aploksne-AirPro-Green-D-14-1.png\",\"contentUrl\":\"https:\/\/kastespakomatiem.lv\/wp-content\/uploads\/2024\/12\/aploksne-AirPro-Green-D-14-1.png\",\"width\":500,\"height\":500},{\"@type\":\"BreadcrumbList\",\"@id\":\"https:\/\/kastespakomatiem.lv\/en\/shop\/envelopes\/white\/padded-envelope-airpro-green-d-14\/#breadcrumb\",\"itemListElement\":[{\"@type\":\"ListItem\",\"position\":1,\"name\":\"\u0413\u043b\u0430\u0432\u043d\u0430\u044f \u0441\u0442\u0440\u0430\u043d\u0438\u0446\u0430\",\"item\":\"https:\/\/kastespakomatiem.lv\/en\/\"},{\"@type\":\"ListItem\",\"position\":2,\"name\":\"Shop\",\"item\":\"https:\/\/kastespakomatiem.lv\/veikals\/\"},{\"@type\":\"ListItem\",\"position\":3,\"name\":\"Padded envelope AirPro Green D\/14\"}]},{\"@type\":\"WebSite\",\"@id\":\"https:\/\/kastespakomatiem.lv\/en\/#website\",\"url\":\"https:\/\/kastespakomatiem.lv\/en\/\",\"name\":\"Kastes pakom\u0101tiem\",\"description\":\"Gatavas kartona iepakojums un iepakojuma materi\u0101li, kas atbilst Omniva, Latvijas pasts. Itella Smartpost, UDrop, DPD un citu pakom\u0101tu XS, S, M un L kast\u012b\u0161u izm\u0113riem.\",\"publisher\":{\"@id\":\"https:\/\/kastespakomatiem.lv\/en\/#organization\"},\"potentialAction\":[{\"@type\":\"SearchAction\",\"target\":{\"@type\":\"EntryPoint\",\"urlTemplate\":\"https:\/\/kastespakomatiem.lv\/en\/?s={search_term_string}\"},\"query-input\":{\"@type\":\"PropertyValueSpecification\",\"valueRequired\":true,\"valueName\":\"search_term_string\"}}],\"inLanguage\":\"en-US\"},{\"@type\":\"Organization\",\"@id\":\"https:\/\/kastespakomatiem.lv\/en\/#organization\",\"name\":\"Kastes pakom\u0101tiem\",\"url\":\"https:\/\/kastespakomatiem.lv\/en\/\",\"logo\":{\"@type\":\"ImageObject\",\"inLanguage\":\"en-US\",\"@id\":\"https:\/\/kastespakomatiem.lv\/en\/#\/schema\/logo\/image\/\",\"url\":\"https:\/\/kastespakomatiem.lv\/wp-content\/uploads\/2024\/11\/logo.png\",\"contentUrl\":\"https:\/\/kastespakomatiem.lv\/wp-content\/uploads\/2024\/11\/logo.png\",\"width\":300,\"height\":148,\"caption\":\"Kastes pakom\u0101tiem\"},\"image\":{\"@id\":\"https:\/\/kastespakomatiem.lv\/en\/#\/schema\/logo\/image\/\"}}]}<\/script>\n<!-- \/ Yoast SEO Premium plugin. -->","yoast_head_json":{"title":"Padded envelope AirPro Green D\/14","robots":{"index":"index","follow":"follow","max-snippet":"max-snippet:-1","max-image-preview":"max-image-preview:large","max-video-preview":"max-video-preview:-1"},"canonical":"https:\/\/kastespakomatiem.lv\/en\/shop\/envelopes\/white\/padded-envelope-airpro-green-d-14\/","og_locale":"en_US","og_type":"article","og_title":"Padded envelope AirPro Green D\/14","og_description":"Product Purpose Document shipping Safe packaging for fragile items. Office and personal use. Product Specifications Quantity 1 pc. Size A5 \/ C5, D14 Width 200mm Length 265mm Color White Purpose Parcel lockers, Mail shipments Weight 250 g\/m\u00b2 Envelope type Multi-layer shock-absorbing envelopes with bubble wrap Paper type Eco paper Temperature resistance from &#8211; 40 to [&hellip;]","og_url":"https:\/\/kastespakomatiem.lv\/en\/shop\/envelopes\/white\/padded-envelope-airpro-green-d-14\/","og_site_name":"Kastes pakom\u0101tiem","article_modified_time":"2025-02-24T14:04:47+00:00","og_image":[{"width":500,"height":500,"url":"https:\/\/kastespakomatiem.lv\/wp-content\/uploads\/2024\/12\/aploksne-AirPro-Green-D-14-1.png","type":"image\/png"}],"twitter_card":"summary_large_image","schema":{"@context":"https:\/\/schema.org","@graph":[{"@type":"WebPage","@id":"https:\/\/kastespakomatiem.lv\/en\/shop\/envelopes\/white\/padded-envelope-airpro-green-d-14\/","url":"https:\/\/kastespakomatiem.lv\/en\/shop\/envelopes\/white\/padded-envelope-airpro-green-d-14\/","name":"Padded envelope AirPro Green D\/14","isPartOf":{"@id":"https:\/\/kastespakomatiem.lv\/en\/#website"},"primaryImageOfPage":{"@id":"https:\/\/kastespakomatiem.lv\/en\/shop\/envelopes\/white\/padded-envelope-airpro-green-d-14\/#primaryimage"},"image":{"@id":"https:\/\/kastespakomatiem.lv\/en\/shop\/envelopes\/white\/padded-envelope-airpro-green-d-14\/#primaryimage"},"thumbnailUrl":"https:\/\/kastespakomatiem.lv\/wp-content\/uploads\/2024\/12\/aploksne-AirPro-Green-D-14-1.png","datePublished":"2024-12-09T12:20:55+00:00","dateModified":"2025-02-24T14:04:47+00:00","breadcrumb":{"@id":"https:\/\/kastespakomatiem.lv\/en\/shop\/envelopes\/white\/padded-envelope-airpro-green-d-14\/#breadcrumb"},"inLanguage":"en-US","potentialAction":[{"@type":"ReadAction","target":["https:\/\/kastespakomatiem.lv\/en\/shop\/envelopes\/white\/padded-envelope-airpro-green-d-14\/"]}]},{"@type":"ImageObject","inLanguage":"en-US","@id":"https:\/\/kastespakomatiem.lv\/en\/shop\/envelopes\/white\/padded-envelope-airpro-green-d-14\/#primaryimage","url":"https:\/\/kastespakomatiem.lv\/wp-content\/uploads\/2024\/12\/aploksne-AirPro-Green-D-14-1.png","contentUrl":"https:\/\/kastespakomatiem.lv\/wp-content\/uploads\/2024\/12\/aploksne-AirPro-Green-D-14-1.png","width":500,"height":500},{"@type":"BreadcrumbList","@id":"https:\/\/kastespakomatiem.lv\/en\/shop\/envelopes\/white\/padded-envelope-airpro-green-d-14\/#breadcrumb","itemListElement":[{"@type":"ListItem","position":1,"name":"\u0413\u043b\u0430\u0432\u043d\u0430\u044f \u0441\u0442\u0440\u0430\u043d\u0438\u0446\u0430","item":"https:\/\/kastespakomatiem.lv\/en\/"},{"@type":"ListItem","position":2,"name":"Shop","item":"https:\/\/kastespakomatiem.lv\/veikals\/"},{"@type":"ListItem","position":3,"name":"Padded envelope AirPro Green D\/14"}]},{"@type":"WebSite","@id":"https:\/\/kastespakomatiem.lv\/en\/#website","url":"https:\/\/kastespakomatiem.lv\/en\/","name":"Kastes pakom\u0101tiem","description":"Gatavas kartona iepakojums un iepakojuma materi\u0101li, kas atbilst Omniva, Latvijas pasts. Itella Smartpost, UDrop, DPD un citu pakom\u0101tu XS, S, M un L kast\u012b\u0161u izm\u0113riem.","publisher":{"@id":"https:\/\/kastespakomatiem.lv\/en\/#organization"},"potentialAction":[{"@type":"SearchAction","target":{"@type":"EntryPoint","urlTemplate":"https:\/\/kastespakomatiem.lv\/en\/?s={search_term_string}"},"query-input":{"@type":"PropertyValueSpecification","valueRequired":true,"valueName":"search_term_string"}}],"inLanguage":"en-US"},{"@type":"Organization","@id":"https:\/\/kastespakomatiem.lv\/en\/#organization","name":"Kastes pakom\u0101tiem","url":"https:\/\/kastespakomatiem.lv\/en\/","logo":{"@type":"ImageObject","inLanguage":"en-US","@id":"https:\/\/kastespakomatiem.lv\/en\/#\/schema\/logo\/image\/","url":"https:\/\/kastespakomatiem.lv\/wp-content\/uploads\/2024\/11\/logo.png","contentUrl":"https:\/\/kastespakomatiem.lv\/wp-content\/uploads\/2024\/11\/logo.png","width":300,"height":148,"caption":"Kastes pakom\u0101tiem"},"image":{"@id":"https:\/\/kastespakomatiem.lv\/en\/#\/schema\/logo\/image\/"}}]}},"_links":{"self":[{"href":"https:\/\/kastespakomatiem.lv\/en\/wp-json\/wp\/v2\/product\/9345","targetHints":{"allow":["GET"]}}],"collection":[{"href":"https:\/\/kastespakomatiem.lv\/en\/wp-json\/wp\/v2\/product"}],"about":[{"href":"https:\/\/kastespakomatiem.lv\/en\/wp-json\/wp\/v2\/types\/product"}],"wp:featuredmedia":[{"embeddable":true,"href":"https:\/\/kastespakomatiem.lv\/en\/wp-json\/wp\/v2\/media\/8356"}],"wp:attachment":[{"href":"https:\/\/kastespakomatiem.lv\/en\/wp-json\/wp\/v2\/media?parent=9345"}],"wp:term":[{"taxonomy":"product_cat","embeddable":true,"href":"https:\/\/kastespakomatiem.lv\/en\/wp-json\/wp\/v2\/product_cat?post=9345"},{"taxonomy":"product_tag","embeddable":true,"href":"https:\/\/kastespakomatiem.lv\/en\/wp-json\/wp\/v2\/product_tag?post=9345"}],"curies":[{"name":"wp","href":"https:\/\/api.w.org\/{rel}","templated":true}]}}