{"id":9346,"date":"2024-12-09T15:27:55","date_gmt":"2024-12-09T12:27:55","guid":{"rendered":"https:\/\/kastespakomatiem.lv\/shop\/uncategorized\/metala-burbula-aploksne-cd-165x165mm-zala\/"},"modified":"2025-05-13T15:09:40","modified_gmt":"2025-05-13T12:09:40","slug":"metal-bubble-envelope-cd-165x165mm-green","status":"publish","type":"product","link":"https:\/\/kastespakomatiem.lv\/en\/shop\/envelopes\/green\/metal-bubble-envelope-cd-165x165mm-green\/","title":{"rendered":"Bubble mailer envelope CD 165x165mm Green"},"content":{"rendered":"<div class=\"detail-traits-wrapper\">\n<h3>Product Specifications<\/h3>\n<table id=\"detail-traits\">\n<tbody>\n<tr>\n<td>Quantity<\/td>\n<td>1 pc.<\/td>\n<\/tr>\n<tr>\n<td>Manufacturer<\/td>\n<td>NeoEnvelope<\/td>\n<\/tr>\n<tr>\n<td>Size<\/td>\n<td>CD<\/td>\n<\/tr>\n<tr>\n<td>Length<\/td>\n<td>165mm<\/td>\n<\/tr>\n<tr>\n<td>Width<\/td>\n<td>165mm<\/td>\n<\/tr>\n<tr>\n<td>Color<\/td>\n<td>Green<\/td>\n<\/tr>\n<tr>\n<td>Purpose<\/td>\n<td>Parcel lockers, Mail shipments<\/td>\n<\/tr>\n<tr>\n<td>Envelope type<\/td>\n<td>With bubble wrap, Metallic, Decorative<\/td>\n<\/tr>\n<tr>\n<td>Closure<\/td>\n<td>Adhesive strip, Closes\/opens along the short edge.<\/td>\n<\/tr>\n<\/tbody>\n<\/table>\n<\/div>\n","protected":false},"excerpt":{"rendered":"<p>Product Specifications Quantity 1 pc. Manufacturer NeoEnvelope Size CD Length 165mm Width 165mm Color Green Purpose Parcel lockers, Mail shipments Envelope type With bubble wrap, Metallic, Decorative Closure Adhesive strip, Closes\/opens along the short edge.<\/p>\n","protected":false},"featured_media":8382,"template":"","meta":[],"product_cat":[99,123],"product_tag":[],"class_list":{"0":"post-9346","1":"product","2":"type-product","3":"status-publish","4":"has-post-thumbnail","6":"product_cat-envelopes","7":"product_cat-green","8":"product_shipping_class-pakomats-en","10":"first","11":"instock","12":"taxable","13":"shipping-taxable","14":"purchasable","15":"product-type-simple"},"yoast_head":"<!-- This site is optimized with the Yoast SEO Premium plugin v24.9 (Yoast SEO v24.9) - https:\/\/yoast.com\/wordpress\/plugins\/seo\/ -->\n<title>Bubble mailer envelope CD 165x165mm Green<\/title>\n<meta name=\"description\" content=\"0.41EUR Bubble mailer envelope CD 165x165mm Green Burbulin\u0117 pl\u0117vel\u0117 Mullpakend, best prices, delivery in Baltics\" \/>\n<meta name=\"robots\" content=\"index, follow, max-snippet:-1, max-image-preview:large, max-video-preview:-1\" \/>\n<link rel=\"canonical\" href=\"https:\/\/kastespakomatiem.lv\/en\/shop\/envelopes\/green\/metal-bubble-envelope-cd-165x165mm-green\/\" \/>\n<meta property=\"og:locale\" content=\"en_US\" \/>\n<meta property=\"og:type\" content=\"article\" \/>\n<meta property=\"og:title\" content=\"Bubble mailer envelope CD 165x165mm Green\" \/>\n<meta property=\"og:description\" content=\"0.41EUR Bubble mailer envelope CD 165x165mm Green Burbulin\u0117 pl\u0117vel\u0117 Mullpakend, best prices, delivery in Baltics\" \/>\n<meta property=\"og:url\" content=\"https:\/\/kastespakomatiem.lv\/en\/shop\/envelopes\/green\/metal-bubble-envelope-cd-165x165mm-green\/\" \/>\n<meta property=\"og:site_name\" content=\"Kastes pakom\u0101tiem\" \/>\n<meta property=\"article:modified_time\" content=\"2025-05-13T12:09:40+00:00\" \/>\n<meta property=\"og:image\" content=\"https:\/\/kastespakomatiem.lv\/wp-content\/uploads\/2024\/12\/metala-burbula-aploksne-cd-165x165mm-zala-1.png\" \/>\n\t<meta property=\"og:image:width\" content=\"500\" \/>\n\t<meta property=\"og:image:height\" content=\"500\" \/>\n\t<meta property=\"og:image:type\" content=\"image\/png\" \/>\n<meta name=\"twitter:card\" content=\"summary_large_image\" \/>\n<meta name=\"twitter:label1\" content=\"Est. reading time\" \/>\n\t<meta name=\"twitter:data1\" content=\"1 minute\" \/>\n<script type=\"application\/ld+json\" class=\"yoast-schema-graph\">{\"@context\":\"https:\/\/schema.org\",\"@graph\":[{\"@type\":\"WebPage\",\"@id\":\"https:\/\/kastespakomatiem.lv\/en\/shop\/envelopes\/green\/metal-bubble-envelope-cd-165x165mm-green\/\",\"url\":\"https:\/\/kastespakomatiem.lv\/en\/shop\/envelopes\/green\/metal-bubble-envelope-cd-165x165mm-green\/\",\"name\":\"Bubble mailer envelope CD 165x165mm Green\",\"isPartOf\":{\"@id\":\"https:\/\/kastespakomatiem.lv\/en\/#website\"},\"primaryImageOfPage\":{\"@id\":\"https:\/\/kastespakomatiem.lv\/en\/shop\/envelopes\/green\/metal-bubble-envelope-cd-165x165mm-green\/#primaryimage\"},\"image\":{\"@id\":\"https:\/\/kastespakomatiem.lv\/en\/shop\/envelopes\/green\/metal-bubble-envelope-cd-165x165mm-green\/#primaryimage\"},\"thumbnailUrl\":\"https:\/\/kastespakomatiem.lv\/wp-content\/uploads\/2024\/12\/metala-burbula-aploksne-cd-165x165mm-zala-1.png\",\"datePublished\":\"2024-12-09T12:27:55+00:00\",\"dateModified\":\"2025-05-13T12:09:40+00:00\",\"description\":\"0.41EUR Bubble mailer envelope CD 165x165mm Green Burbulin\u0117 pl\u0117vel\u0117 Mullpakend, best prices, delivery in Baltics\",\"breadcrumb\":{\"@id\":\"https:\/\/kastespakomatiem.lv\/en\/shop\/envelopes\/green\/metal-bubble-envelope-cd-165x165mm-green\/#breadcrumb\"},\"inLanguage\":\"en-US\",\"potentialAction\":[{\"@type\":\"ReadAction\",\"target\":[\"https:\/\/kastespakomatiem.lv\/en\/shop\/envelopes\/green\/metal-bubble-envelope-cd-165x165mm-green\/\"]}]},{\"@type\":\"ImageObject\",\"inLanguage\":\"en-US\",\"@id\":\"https:\/\/kastespakomatiem.lv\/en\/shop\/envelopes\/green\/metal-bubble-envelope-cd-165x165mm-green\/#primaryimage\",\"url\":\"https:\/\/kastespakomatiem.lv\/wp-content\/uploads\/2024\/12\/metala-burbula-aploksne-cd-165x165mm-zala-1.png\",\"contentUrl\":\"https:\/\/kastespakomatiem.lv\/wp-content\/uploads\/2024\/12\/metala-burbula-aploksne-cd-165x165mm-zala-1.png\",\"width\":500,\"height\":500},{\"@type\":\"BreadcrumbList\",\"@id\":\"https:\/\/kastespakomatiem.lv\/en\/shop\/envelopes\/green\/metal-bubble-envelope-cd-165x165mm-green\/#breadcrumb\",\"itemListElement\":[{\"@type\":\"ListItem\",\"position\":1,\"name\":\"\u0413\u043b\u0430\u0432\u043d\u0430\u044f \u0441\u0442\u0440\u0430\u043d\u0438\u0446\u0430\",\"item\":\"https:\/\/kastespakomatiem.lv\/en\/\"},{\"@type\":\"ListItem\",\"position\":2,\"name\":\"Shop\",\"item\":\"https:\/\/kastespakomatiem.lv\/veikals\/\"},{\"@type\":\"ListItem\",\"position\":3,\"name\":\"Bubble mailer envelope CD 165x165mm Green\"}]},{\"@type\":\"WebSite\",\"@id\":\"https:\/\/kastespakomatiem.lv\/en\/#website\",\"url\":\"https:\/\/kastespakomatiem.lv\/en\/\",\"name\":\"Kastes pakom\u0101tiem\",\"description\":\"Gatavas kartona iepakojums un iepakojuma materi\u0101li, kas atbilst Omniva, Latvijas pasts. Itella Smartpost, UDrop, DPD un citu pakom\u0101tu XS, S, M un L kast\u012b\u0161u izm\u0113riem.\",\"publisher\":{\"@id\":\"https:\/\/kastespakomatiem.lv\/en\/#organization\"},\"potentialAction\":[{\"@type\":\"SearchAction\",\"target\":{\"@type\":\"EntryPoint\",\"urlTemplate\":\"https:\/\/kastespakomatiem.lv\/en\/?s={search_term_string}\"},\"query-input\":{\"@type\":\"PropertyValueSpecification\",\"valueRequired\":true,\"valueName\":\"search_term_string\"}}],\"inLanguage\":\"en-US\"},{\"@type\":\"Organization\",\"@id\":\"https:\/\/kastespakomatiem.lv\/en\/#organization\",\"name\":\"Kastes pakom\u0101tiem\",\"url\":\"https:\/\/kastespakomatiem.lv\/en\/\",\"logo\":{\"@type\":\"ImageObject\",\"inLanguage\":\"en-US\",\"@id\":\"https:\/\/kastespakomatiem.lv\/en\/#\/schema\/logo\/image\/\",\"url\":\"https:\/\/kastespakomatiem.lv\/wp-content\/uploads\/2024\/11\/logo.png\",\"contentUrl\":\"https:\/\/kastespakomatiem.lv\/wp-content\/uploads\/2024\/11\/logo.png\",\"width\":300,\"height\":148,\"caption\":\"Kastes pakom\u0101tiem\"},\"image\":{\"@id\":\"https:\/\/kastespakomatiem.lv\/en\/#\/schema\/logo\/image\/\"}}]}<\/script>\n<!-- \/ Yoast SEO Premium plugin. -->","yoast_head_json":{"title":"Bubble mailer envelope CD 165x165mm Green","description":"0.41EUR Bubble mailer envelope CD 165x165mm Green Burbulin\u0117 pl\u0117vel\u0117 Mullpakend, best prices, delivery in Baltics","robots":{"index":"index","follow":"follow","max-snippet":"max-snippet:-1","max-image-preview":"max-image-preview:large","max-video-preview":"max-video-preview:-1"},"canonical":"https:\/\/kastespakomatiem.lv\/en\/shop\/envelopes\/green\/metal-bubble-envelope-cd-165x165mm-green\/","og_locale":"en_US","og_type":"article","og_title":"Bubble mailer envelope CD 165x165mm Green","og_description":"0.41EUR Bubble mailer envelope CD 165x165mm Green Burbulin\u0117 pl\u0117vel\u0117 Mullpakend, best prices, delivery in Baltics","og_url":"https:\/\/kastespakomatiem.lv\/en\/shop\/envelopes\/green\/metal-bubble-envelope-cd-165x165mm-green\/","og_site_name":"Kastes pakom\u0101tiem","article_modified_time":"2025-05-13T12:09:40+00:00","og_image":[{"width":500,"height":500,"url":"https:\/\/kastespakomatiem.lv\/wp-content\/uploads\/2024\/12\/metala-burbula-aploksne-cd-165x165mm-zala-1.png","type":"image\/png"}],"twitter_card":"summary_large_image","twitter_misc":{"Est. reading time":"1 minute"},"schema":{"@context":"https:\/\/schema.org","@graph":[{"@type":"WebPage","@id":"https:\/\/kastespakomatiem.lv\/en\/shop\/envelopes\/green\/metal-bubble-envelope-cd-165x165mm-green\/","url":"https:\/\/kastespakomatiem.lv\/en\/shop\/envelopes\/green\/metal-bubble-envelope-cd-165x165mm-green\/","name":"Bubble mailer envelope CD 165x165mm Green","isPartOf":{"@id":"https:\/\/kastespakomatiem.lv\/en\/#website"},"primaryImageOfPage":{"@id":"https:\/\/kastespakomatiem.lv\/en\/shop\/envelopes\/green\/metal-bubble-envelope-cd-165x165mm-green\/#primaryimage"},"image":{"@id":"https:\/\/kastespakomatiem.lv\/en\/shop\/envelopes\/green\/metal-bubble-envelope-cd-165x165mm-green\/#primaryimage"},"thumbnailUrl":"https:\/\/kastespakomatiem.lv\/wp-content\/uploads\/2024\/12\/metala-burbula-aploksne-cd-165x165mm-zala-1.png","datePublished":"2024-12-09T12:27:55+00:00","dateModified":"2025-05-13T12:09:40+00:00","description":"0.41EUR Bubble mailer envelope CD 165x165mm Green Burbulin\u0117 pl\u0117vel\u0117 Mullpakend, best prices, delivery in Baltics","breadcrumb":{"@id":"https:\/\/kastespakomatiem.lv\/en\/shop\/envelopes\/green\/metal-bubble-envelope-cd-165x165mm-green\/#breadcrumb"},"inLanguage":"en-US","potentialAction":[{"@type":"ReadAction","target":["https:\/\/kastespakomatiem.lv\/en\/shop\/envelopes\/green\/metal-bubble-envelope-cd-165x165mm-green\/"]}]},{"@type":"ImageObject","inLanguage":"en-US","@id":"https:\/\/kastespakomatiem.lv\/en\/shop\/envelopes\/green\/metal-bubble-envelope-cd-165x165mm-green\/#primaryimage","url":"https:\/\/kastespakomatiem.lv\/wp-content\/uploads\/2024\/12\/metala-burbula-aploksne-cd-165x165mm-zala-1.png","contentUrl":"https:\/\/kastespakomatiem.lv\/wp-content\/uploads\/2024\/12\/metala-burbula-aploksne-cd-165x165mm-zala-1.png","width":500,"height":500},{"@type":"BreadcrumbList","@id":"https:\/\/kastespakomatiem.lv\/en\/shop\/envelopes\/green\/metal-bubble-envelope-cd-165x165mm-green\/#breadcrumb","itemListElement":[{"@type":"ListItem","position":1,"name":"\u0413\u043b\u0430\u0432\u043d\u0430\u044f \u0441\u0442\u0440\u0430\u043d\u0438\u0446\u0430","item":"https:\/\/kastespakomatiem.lv\/en\/"},{"@type":"ListItem","position":2,"name":"Shop","item":"https:\/\/kastespakomatiem.lv\/veikals\/"},{"@type":"ListItem","position":3,"name":"Bubble mailer envelope CD 165x165mm Green"}]},{"@type":"WebSite","@id":"https:\/\/kastespakomatiem.lv\/en\/#website","url":"https:\/\/kastespakomatiem.lv\/en\/","name":"Kastes pakom\u0101tiem","description":"Gatavas kartona iepakojums un iepakojuma materi\u0101li, kas atbilst Omniva, Latvijas pasts. Itella Smartpost, UDrop, DPD un citu pakom\u0101tu XS, S, M un L kast\u012b\u0161u izm\u0113riem.","publisher":{"@id":"https:\/\/kastespakomatiem.lv\/en\/#organization"},"potentialAction":[{"@type":"SearchAction","target":{"@type":"EntryPoint","urlTemplate":"https:\/\/kastespakomatiem.lv\/en\/?s={search_term_string}"},"query-input":{"@type":"PropertyValueSpecification","valueRequired":true,"valueName":"search_term_string"}}],"inLanguage":"en-US"},{"@type":"Organization","@id":"https:\/\/kastespakomatiem.lv\/en\/#organization","name":"Kastes pakom\u0101tiem","url":"https:\/\/kastespakomatiem.lv\/en\/","logo":{"@type":"ImageObject","inLanguage":"en-US","@id":"https:\/\/kastespakomatiem.lv\/en\/#\/schema\/logo\/image\/","url":"https:\/\/kastespakomatiem.lv\/wp-content\/uploads\/2024\/11\/logo.png","contentUrl":"https:\/\/kastespakomatiem.lv\/wp-content\/uploads\/2024\/11\/logo.png","width":300,"height":148,"caption":"Kastes pakom\u0101tiem"},"image":{"@id":"https:\/\/kastespakomatiem.lv\/en\/#\/schema\/logo\/image\/"}}]}},"_links":{"self":[{"href":"https:\/\/kastespakomatiem.lv\/en\/wp-json\/wp\/v2\/product\/9346","targetHints":{"allow":["GET"]}}],"collection":[{"href":"https:\/\/kastespakomatiem.lv\/en\/wp-json\/wp\/v2\/product"}],"about":[{"href":"https:\/\/kastespakomatiem.lv\/en\/wp-json\/wp\/v2\/types\/product"}],"wp:featuredmedia":[{"embeddable":true,"href":"https:\/\/kastespakomatiem.lv\/en\/wp-json\/wp\/v2\/media\/8382"}],"wp:attachment":[{"href":"https:\/\/kastespakomatiem.lv\/en\/wp-json\/wp\/v2\/media?parent=9346"}],"wp:term":[{"taxonomy":"product_cat","embeddable":true,"href":"https:\/\/kastespakomatiem.lv\/en\/wp-json\/wp\/v2\/product_cat?post=9346"},{"taxonomy":"product_tag","embeddable":true,"href":"https:\/\/kastespakomatiem.lv\/en\/wp-json\/wp\/v2\/product_tag?post=9346"}],"curies":[{"name":"wp","href":"https:\/\/api.w.org\/{rel}","templated":true}]}}