{"id":9347,"date":"2024-12-09T15:22:26","date_gmt":"2024-12-09T12:22:26","guid":{"rendered":"https:\/\/kastespakomatiem.lv\/shop\/uncategorized\/polstereta-aploksne-ar-burbulplevi-g-17-260x34040\/"},"modified":"2025-02-24T16:57:11","modified_gmt":"2025-02-24T13:57:11","slug":"padded-envelope-with-bubble-wrap-g-17-260x340-40","status":"publish","type":"product","link":"https:\/\/kastespakomatiem.lv\/en\/shop\/envelopes\/brown\/padded-envelope-with-bubble-wrap-g-17-260x340-40\/","title":{"rendered":"Padded envelope with bubble wrap G\/17, 260&#215;340+40"},"content":{"rendered":"<div class=\"detail-traits-wrapper\">\n<h3>Product Purpose<\/h3>\n<ul>\n<li>Sending <strong>A4<\/strong> documents.<\/li>\n<li>Securing fragile items.<\/li>\n<li>An ecological solution for e-commerce.<\/li>\n<li>Ideally suited for sectors like offices, bookstores, online stores.<\/li>\n<\/ul>\n<h3>Product Specifications<\/h3>\n<table id=\"detail-traits\">\n<tbody>\n<tr>\n<td>Quantity<\/td>\n<td>1 pc.<\/td>\n<\/tr>\n<tr>\n<td>Size<\/td>\n<td>G17<\/td>\n<\/tr>\n<tr>\n<td>Width<\/td>\n<td>260mm<\/td>\n<\/tr>\n<tr>\n<td>Length<\/td>\n<td>340mm<\/td>\n<\/tr>\n<tr>\n<td>Weight<\/td>\n<td>80 g\/m\u00b2, 110 g\/m\u00b2<\/td>\n<\/tr>\n<tr>\n<td>Envelope type<\/td>\n<td>Multi-layer shock-absorbing envelopes with bubble wrap<\/td>\n<\/tr>\n<tr>\n<td>Paper type<\/td>\n<td>Kraft paper<\/td>\n<\/tr>\n<\/tbody>\n<\/table>\n<\/div>\n","protected":false},"excerpt":{"rendered":"<p>Product Purpose Sending A4 documents. Securing fragile items. An ecological solution for e-commerce. Ideally suited for sectors like offices, bookstores, online stores. Product Specifications Quantity 1 pc. Size G17 Width 260mm Length 340mm Weight 80 g\/m\u00b2, 110 g\/m\u00b2 Envelope type Multi-layer shock-absorbing envelopes with bubble wrap Paper type Kraft paper<\/p>\n","protected":false},"featured_media":8369,"template":"","meta":[],"product_cat":[69,129,87,99],"product_tag":[],"class_list":{"0":"post-9347","1":"product","2":"type-product","3":"status-publish","4":"has-post-thumbnail","6":"product_cat-aploksnes","7":"product_cat-brown","8":"product_cat-bruna","9":"product_cat-envelopes","11":"first","12":"outofstock","13":"taxable","14":"shipping-taxable","15":"purchasable","16":"product-type-simple"},"yoast_head":"<!-- This site is optimized with the Yoast SEO Premium plugin v24.9 (Yoast SEO v24.9) - https:\/\/yoast.com\/wordpress\/plugins\/seo\/ -->\n<title>Padded envelope with bubble wrap G\/17, 260x340+40<\/title>\n<meta name=\"robots\" content=\"index, follow, max-snippet:-1, max-image-preview:large, max-video-preview:-1\" \/>\n<link rel=\"canonical\" href=\"https:\/\/kastespakomatiem.lv\/en\/shop\/envelopes\/brown\/padded-envelope-with-bubble-wrap-g-17-260x340-40\/\" \/>\n<meta property=\"og:locale\" content=\"en_US\" \/>\n<meta property=\"og:type\" content=\"article\" \/>\n<meta property=\"og:title\" content=\"Padded envelope with bubble wrap G\/17, 260x340+40\" \/>\n<meta property=\"og:description\" content=\"Product Purpose Sending A4 documents. Securing fragile items. An ecological solution for e-commerce. Ideally suited for sectors like offices, bookstores, online stores. Product Specifications Quantity 1 pc. Size G17 Width 260mm Length 340mm Weight 80 g\/m\u00b2, 110 g\/m\u00b2 Envelope type Multi-layer shock-absorbing envelopes with bubble wrap Paper type Kraft paper\" \/>\n<meta property=\"og:url\" content=\"https:\/\/kastespakomatiem.lv\/en\/shop\/envelopes\/brown\/padded-envelope-with-bubble-wrap-g-17-260x340-40\/\" \/>\n<meta property=\"og:site_name\" content=\"Kastes pakom\u0101tiem\" \/>\n<meta property=\"article:modified_time\" content=\"2025-02-24T13:57:11+00:00\" \/>\n<meta property=\"og:image\" content=\"https:\/\/kastespakomatiem.lv\/wp-content\/uploads\/2024\/12\/polstereta-aploksne-ar-burbulplevi-G-17-1.png\" \/>\n\t<meta property=\"og:image:width\" content=\"500\" \/>\n\t<meta property=\"og:image:height\" content=\"500\" \/>\n\t<meta property=\"og:image:type\" content=\"image\/png\" \/>\n<meta name=\"twitter:card\" content=\"summary_large_image\" \/>\n<script type=\"application\/ld+json\" class=\"yoast-schema-graph\">{\"@context\":\"https:\/\/schema.org\",\"@graph\":[{\"@type\":\"WebPage\",\"@id\":\"https:\/\/kastespakomatiem.lv\/en\/shop\/envelopes\/brown\/padded-envelope-with-bubble-wrap-g-17-260x340-40\/\",\"url\":\"https:\/\/kastespakomatiem.lv\/en\/shop\/envelopes\/brown\/padded-envelope-with-bubble-wrap-g-17-260x340-40\/\",\"name\":\"Padded envelope with bubble wrap G\/17, 260x340+40\",\"isPartOf\":{\"@id\":\"https:\/\/kastespakomatiem.lv\/en\/#website\"},\"primaryImageOfPage\":{\"@id\":\"https:\/\/kastespakomatiem.lv\/en\/shop\/envelopes\/brown\/padded-envelope-with-bubble-wrap-g-17-260x340-40\/#primaryimage\"},\"image\":{\"@id\":\"https:\/\/kastespakomatiem.lv\/en\/shop\/envelopes\/brown\/padded-envelope-with-bubble-wrap-g-17-260x340-40\/#primaryimage\"},\"thumbnailUrl\":\"https:\/\/kastespakomatiem.lv\/wp-content\/uploads\/2024\/12\/polstereta-aploksne-ar-burbulplevi-G-17-1.png\",\"datePublished\":\"2024-12-09T12:22:26+00:00\",\"dateModified\":\"2025-02-24T13:57:11+00:00\",\"breadcrumb\":{\"@id\":\"https:\/\/kastespakomatiem.lv\/en\/shop\/envelopes\/brown\/padded-envelope-with-bubble-wrap-g-17-260x340-40\/#breadcrumb\"},\"inLanguage\":\"en-US\",\"potentialAction\":[{\"@type\":\"ReadAction\",\"target\":[\"https:\/\/kastespakomatiem.lv\/en\/shop\/envelopes\/brown\/padded-envelope-with-bubble-wrap-g-17-260x340-40\/\"]}]},{\"@type\":\"ImageObject\",\"inLanguage\":\"en-US\",\"@id\":\"https:\/\/kastespakomatiem.lv\/en\/shop\/envelopes\/brown\/padded-envelope-with-bubble-wrap-g-17-260x340-40\/#primaryimage\",\"url\":\"https:\/\/kastespakomatiem.lv\/wp-content\/uploads\/2024\/12\/polstereta-aploksne-ar-burbulplevi-G-17-1.png\",\"contentUrl\":\"https:\/\/kastespakomatiem.lv\/wp-content\/uploads\/2024\/12\/polstereta-aploksne-ar-burbulplevi-G-17-1.png\",\"width\":500,\"height\":500},{\"@type\":\"BreadcrumbList\",\"@id\":\"https:\/\/kastespakomatiem.lv\/en\/shop\/envelopes\/brown\/padded-envelope-with-bubble-wrap-g-17-260x340-40\/#breadcrumb\",\"itemListElement\":[{\"@type\":\"ListItem\",\"position\":1,\"name\":\"\u0413\u043b\u0430\u0432\u043d\u0430\u044f \u0441\u0442\u0440\u0430\u043d\u0438\u0446\u0430\",\"item\":\"https:\/\/kastespakomatiem.lv\/en\/\"},{\"@type\":\"ListItem\",\"position\":2,\"name\":\"Shop\",\"item\":\"https:\/\/kastespakomatiem.lv\/veikals\/\"},{\"@type\":\"ListItem\",\"position\":3,\"name\":\"Padded envelope with bubble wrap G\/17, 260&#215;340+40\"}]},{\"@type\":\"WebSite\",\"@id\":\"https:\/\/kastespakomatiem.lv\/en\/#website\",\"url\":\"https:\/\/kastespakomatiem.lv\/en\/\",\"name\":\"Kastes pakom\u0101tiem\",\"description\":\"Gatavas kartona iepakojums un iepakojuma materi\u0101li, kas atbilst Omniva, Latvijas pasts. Itella Smartpost, UDrop, DPD un citu pakom\u0101tu XS, S, M un L kast\u012b\u0161u izm\u0113riem.\",\"publisher\":{\"@id\":\"https:\/\/kastespakomatiem.lv\/en\/#organization\"},\"potentialAction\":[{\"@type\":\"SearchAction\",\"target\":{\"@type\":\"EntryPoint\",\"urlTemplate\":\"https:\/\/kastespakomatiem.lv\/en\/?s={search_term_string}\"},\"query-input\":{\"@type\":\"PropertyValueSpecification\",\"valueRequired\":true,\"valueName\":\"search_term_string\"}}],\"inLanguage\":\"en-US\"},{\"@type\":\"Organization\",\"@id\":\"https:\/\/kastespakomatiem.lv\/en\/#organization\",\"name\":\"Kastes pakom\u0101tiem\",\"url\":\"https:\/\/kastespakomatiem.lv\/en\/\",\"logo\":{\"@type\":\"ImageObject\",\"inLanguage\":\"en-US\",\"@id\":\"https:\/\/kastespakomatiem.lv\/en\/#\/schema\/logo\/image\/\",\"url\":\"https:\/\/kastespakomatiem.lv\/wp-content\/uploads\/2024\/11\/logo.png\",\"contentUrl\":\"https:\/\/kastespakomatiem.lv\/wp-content\/uploads\/2024\/11\/logo.png\",\"width\":300,\"height\":148,\"caption\":\"Kastes pakom\u0101tiem\"},\"image\":{\"@id\":\"https:\/\/kastespakomatiem.lv\/en\/#\/schema\/logo\/image\/\"}}]}<\/script>\n<!-- \/ Yoast SEO Premium plugin. -->","yoast_head_json":{"title":"Padded envelope with bubble wrap G\/17, 260x340+40","robots":{"index":"index","follow":"follow","max-snippet":"max-snippet:-1","max-image-preview":"max-image-preview:large","max-video-preview":"max-video-preview:-1"},"canonical":"https:\/\/kastespakomatiem.lv\/en\/shop\/envelopes\/brown\/padded-envelope-with-bubble-wrap-g-17-260x340-40\/","og_locale":"en_US","og_type":"article","og_title":"Padded envelope with bubble wrap G\/17, 260x340+40","og_description":"Product Purpose Sending A4 documents. Securing fragile items. An ecological solution for e-commerce. Ideally suited for sectors like offices, bookstores, online stores. Product Specifications Quantity 1 pc. Size G17 Width 260mm Length 340mm Weight 80 g\/m\u00b2, 110 g\/m\u00b2 Envelope type Multi-layer shock-absorbing envelopes with bubble wrap Paper type Kraft paper","og_url":"https:\/\/kastespakomatiem.lv\/en\/shop\/envelopes\/brown\/padded-envelope-with-bubble-wrap-g-17-260x340-40\/","og_site_name":"Kastes pakom\u0101tiem","article_modified_time":"2025-02-24T13:57:11+00:00","og_image":[{"width":500,"height":500,"url":"https:\/\/kastespakomatiem.lv\/wp-content\/uploads\/2024\/12\/polstereta-aploksne-ar-burbulplevi-G-17-1.png","type":"image\/png"}],"twitter_card":"summary_large_image","schema":{"@context":"https:\/\/schema.org","@graph":[{"@type":"WebPage","@id":"https:\/\/kastespakomatiem.lv\/en\/shop\/envelopes\/brown\/padded-envelope-with-bubble-wrap-g-17-260x340-40\/","url":"https:\/\/kastespakomatiem.lv\/en\/shop\/envelopes\/brown\/padded-envelope-with-bubble-wrap-g-17-260x340-40\/","name":"Padded envelope with bubble wrap G\/17, 260x340+40","isPartOf":{"@id":"https:\/\/kastespakomatiem.lv\/en\/#website"},"primaryImageOfPage":{"@id":"https:\/\/kastespakomatiem.lv\/en\/shop\/envelopes\/brown\/padded-envelope-with-bubble-wrap-g-17-260x340-40\/#primaryimage"},"image":{"@id":"https:\/\/kastespakomatiem.lv\/en\/shop\/envelopes\/brown\/padded-envelope-with-bubble-wrap-g-17-260x340-40\/#primaryimage"},"thumbnailUrl":"https:\/\/kastespakomatiem.lv\/wp-content\/uploads\/2024\/12\/polstereta-aploksne-ar-burbulplevi-G-17-1.png","datePublished":"2024-12-09T12:22:26+00:00","dateModified":"2025-02-24T13:57:11+00:00","breadcrumb":{"@id":"https:\/\/kastespakomatiem.lv\/en\/shop\/envelopes\/brown\/padded-envelope-with-bubble-wrap-g-17-260x340-40\/#breadcrumb"},"inLanguage":"en-US","potentialAction":[{"@type":"ReadAction","target":["https:\/\/kastespakomatiem.lv\/en\/shop\/envelopes\/brown\/padded-envelope-with-bubble-wrap-g-17-260x340-40\/"]}]},{"@type":"ImageObject","inLanguage":"en-US","@id":"https:\/\/kastespakomatiem.lv\/en\/shop\/envelopes\/brown\/padded-envelope-with-bubble-wrap-g-17-260x340-40\/#primaryimage","url":"https:\/\/kastespakomatiem.lv\/wp-content\/uploads\/2024\/12\/polstereta-aploksne-ar-burbulplevi-G-17-1.png","contentUrl":"https:\/\/kastespakomatiem.lv\/wp-content\/uploads\/2024\/12\/polstereta-aploksne-ar-burbulplevi-G-17-1.png","width":500,"height":500},{"@type":"BreadcrumbList","@id":"https:\/\/kastespakomatiem.lv\/en\/shop\/envelopes\/brown\/padded-envelope-with-bubble-wrap-g-17-260x340-40\/#breadcrumb","itemListElement":[{"@type":"ListItem","position":1,"name":"\u0413\u043b\u0430\u0432\u043d\u0430\u044f \u0441\u0442\u0440\u0430\u043d\u0438\u0446\u0430","item":"https:\/\/kastespakomatiem.lv\/en\/"},{"@type":"ListItem","position":2,"name":"Shop","item":"https:\/\/kastespakomatiem.lv\/veikals\/"},{"@type":"ListItem","position":3,"name":"Padded envelope with bubble wrap G\/17, 260&#215;340+40"}]},{"@type":"WebSite","@id":"https:\/\/kastespakomatiem.lv\/en\/#website","url":"https:\/\/kastespakomatiem.lv\/en\/","name":"Kastes pakom\u0101tiem","description":"Gatavas kartona iepakojums un iepakojuma materi\u0101li, kas atbilst Omniva, Latvijas pasts. Itella Smartpost, UDrop, DPD un citu pakom\u0101tu XS, S, M un L kast\u012b\u0161u izm\u0113riem.","publisher":{"@id":"https:\/\/kastespakomatiem.lv\/en\/#organization"},"potentialAction":[{"@type":"SearchAction","target":{"@type":"EntryPoint","urlTemplate":"https:\/\/kastespakomatiem.lv\/en\/?s={search_term_string}"},"query-input":{"@type":"PropertyValueSpecification","valueRequired":true,"valueName":"search_term_string"}}],"inLanguage":"en-US"},{"@type":"Organization","@id":"https:\/\/kastespakomatiem.lv\/en\/#organization","name":"Kastes pakom\u0101tiem","url":"https:\/\/kastespakomatiem.lv\/en\/","logo":{"@type":"ImageObject","inLanguage":"en-US","@id":"https:\/\/kastespakomatiem.lv\/en\/#\/schema\/logo\/image\/","url":"https:\/\/kastespakomatiem.lv\/wp-content\/uploads\/2024\/11\/logo.png","contentUrl":"https:\/\/kastespakomatiem.lv\/wp-content\/uploads\/2024\/11\/logo.png","width":300,"height":148,"caption":"Kastes pakom\u0101tiem"},"image":{"@id":"https:\/\/kastespakomatiem.lv\/en\/#\/schema\/logo\/image\/"}}]}},"_links":{"self":[{"href":"https:\/\/kastespakomatiem.lv\/en\/wp-json\/wp\/v2\/product\/9347","targetHints":{"allow":["GET"]}}],"collection":[{"href":"https:\/\/kastespakomatiem.lv\/en\/wp-json\/wp\/v2\/product"}],"about":[{"href":"https:\/\/kastespakomatiem.lv\/en\/wp-json\/wp\/v2\/types\/product"}],"wp:featuredmedia":[{"embeddable":true,"href":"https:\/\/kastespakomatiem.lv\/en\/wp-json\/wp\/v2\/media\/8369"}],"wp:attachment":[{"href":"https:\/\/kastespakomatiem.lv\/en\/wp-json\/wp\/v2\/media?parent=9347"}],"wp:term":[{"taxonomy":"product_cat","embeddable":true,"href":"https:\/\/kastespakomatiem.lv\/en\/wp-json\/wp\/v2\/product_cat?post=9347"},{"taxonomy":"product_tag","embeddable":true,"href":"https:\/\/kastespakomatiem.lv\/en\/wp-json\/wp\/v2\/product_tag?post=9347"}],"curies":[{"name":"wp","href":"https:\/\/api.w.org\/{rel}","templated":true}]}}