{"id":9696,"date":"2025-05-21T16:25:31","date_gmt":"2025-05-21T13:25:31","guid":{"rendered":"https:\/\/kastespakomatiem.lv\/?post_type=product&#038;p=9696"},"modified":"2025-05-21T16:49:03","modified_gmt":"2025-05-21T13:49:03","slug":"die-cut-cardboard-150x100x50mm-black","status":"publish","type":"product","link":"https:\/\/kastespakomatiem.lv\/en\/shop\/boxes\/s-en\/die-cut-cardboard-150x100x50mm-black\/","title":{"rendered":"Die-cut cardboard 150x100x50mm black"},"content":{"rendered":"<div class=\"prod\">Die-cut cardboard 150x100x50mm black fits XS and S size OMNIVA, DPD, U drop, Latvijas pasts, VENIPAK and Smartposti parcel machines<\/div>\n<div class=\"detail-traits-wrapper\">\n<h3>Product Specifications<\/h3>\n<table id=\"detail-traits\">\n<tbody>\n<tr>\n<td>Quantity<\/td>\n<td>1 pc.<\/td>\n<\/tr>\n<tr>\n<td>Format<\/td>\n<td>Square<\/td>\n<\/tr>\n<tr>\n<td>Length<\/td>\n<td>150mm<\/td>\n<\/tr>\n<tr>\n<td>Width<\/td>\n<td>100mm<\/td>\n<\/tr>\n<tr>\n<td>Height<\/td>\n<td>50mm<\/td>\n<\/tr>\n<tr>\n<td>Color<\/td>\n<td>Black<\/td>\n<\/tr>\n<tr>\n<td>Cardboard type<\/td>\n<td>Cardboard, E-wave<\/td>\n<\/tr>\n<tr>\n<td>Folding type<\/td>\n<td>die-cut, easy folding without tape<\/td>\n<\/tr>\n<tr>\n<td>Fefco<\/td>\n<td>201<\/td>\n<\/tr>\n<tr>\n<td>Purpose<\/td>\n<td>Parcel lockers, Mail shipments<\/td>\n<\/tr>\n<tr>\n<td>Weight<\/td>\n<td>360 g\/m\u00b2<\/td>\n<\/tr>\n<\/tbody>\n<\/table>\n<\/div>\n","protected":false},"excerpt":{"rendered":"<p>Die-cut cardboard 150x100x50mm black fits XS and S size OMNIVA, DPD, U drop, Latvijas pasts, VENIPAK and Smartposti parcel machines Product Specifications Quantity 1 pc. Format Square Length 150mm Width 100mm Height 50mm Color Black Cardboard type Cardboard, E-wave Folding type die-cut, easy folding without tape Fefco 201 Purpose Parcel lockers, Mail shipments Weight 360 [&hellip;]<\/p>\n","protected":false},"featured_media":9700,"template":"","meta":[],"product_cat":[117,107,109],"product_tag":[],"class_list":{"0":"post-9696","1":"product","2":"type-product","3":"status-publish","4":"has-post-thumbnail","6":"product_cat-boxes","7":"product_cat-s-en","8":"product_cat-xs-en","9":"product_shipping_class-pakomats-en","11":"first","12":"instock","13":"taxable","14":"shipping-taxable","15":"purchasable","16":"product-type-simple"},"yoast_head":"<!-- This site is optimized with the Yoast SEO Premium plugin v24.9 (Yoast SEO v24.9) - https:\/\/yoast.com\/wordpress\/plugins\/seo\/ -->\n<title>Die-cut cardboard 150x100x50mm black<\/title>\n<meta name=\"description\" content=\"0.17EUR Die-cut cardboard 150x100x50mm black fits XS and S size OMNIVA, DPD, U drop, Latvijas pasts, VENIPAK and Smartposti parcel machines\" \/>\n<meta name=\"robots\" content=\"index, follow, max-snippet:-1, max-image-preview:large, max-video-preview:-1\" \/>\n<link rel=\"canonical\" href=\"https:\/\/kastespakomatiem.lv\/en\/shop\/boxes\/s-en\/die-cut-cardboard-150x100x50mm-black\/\" \/>\n<meta property=\"og:locale\" content=\"en_US\" \/>\n<meta property=\"og:type\" content=\"article\" \/>\n<meta property=\"og:title\" content=\"Die-cut cardboard 150x100x50mm black\" \/>\n<meta property=\"og:description\" content=\"0.17EUR Die-cut cardboard 150x100x50mm black fits XS and S size OMNIVA, DPD, U drop, Latvijas pasts, VENIPAK and Smartposti parcel machines\" \/>\n<meta property=\"og:url\" content=\"https:\/\/kastespakomatiem.lv\/en\/shop\/boxes\/s-en\/die-cut-cardboard-150x100x50mm-black\/\" \/>\n<meta property=\"og:site_name\" content=\"Kastes pakom\u0101tiem\" \/>\n<meta property=\"article:modified_time\" content=\"2025-05-21T13:49:03+00:00\" \/>\n<meta property=\"og:image\" content=\"https:\/\/kastespakomatiem.lv\/wp-content\/uploads\/2025\/05\/10-1.jpg\" \/>\n\t<meta property=\"og:image:width\" content=\"1100\" \/>\n\t<meta property=\"og:image:height\" content=\"1100\" \/>\n\t<meta property=\"og:image:type\" content=\"image\/jpeg\" \/>\n<meta name=\"twitter:card\" content=\"summary_large_image\" \/>\n<meta name=\"twitter:label1\" content=\"Est. reading time\" \/>\n\t<meta name=\"twitter:data1\" content=\"1 minute\" \/>\n<script type=\"application\/ld+json\" class=\"yoast-schema-graph\">{\"@context\":\"https:\/\/schema.org\",\"@graph\":[{\"@type\":\"WebPage\",\"@id\":\"https:\/\/kastespakomatiem.lv\/en\/shop\/boxes\/s-en\/die-cut-cardboard-150x100x50mm-black\/\",\"url\":\"https:\/\/kastespakomatiem.lv\/en\/shop\/boxes\/s-en\/die-cut-cardboard-150x100x50mm-black\/\",\"name\":\"Die-cut cardboard 150x100x50mm black\",\"isPartOf\":{\"@id\":\"https:\/\/kastespakomatiem.lv\/en\/#website\"},\"primaryImageOfPage\":{\"@id\":\"https:\/\/kastespakomatiem.lv\/en\/shop\/boxes\/s-en\/die-cut-cardboard-150x100x50mm-black\/#primaryimage\"},\"image\":{\"@id\":\"https:\/\/kastespakomatiem.lv\/en\/shop\/boxes\/s-en\/die-cut-cardboard-150x100x50mm-black\/#primaryimage\"},\"thumbnailUrl\":\"https:\/\/kastespakomatiem.lv\/wp-content\/uploads\/2025\/05\/11-2.jpg\",\"datePublished\":\"2025-05-21T13:25:31+00:00\",\"dateModified\":\"2025-05-21T13:49:03+00:00\",\"description\":\"0.17EUR Die-cut cardboard 150x100x50mm black fits XS and S size OMNIVA, DPD, U drop, Latvijas pasts, VENIPAK and Smartposti parcel machines\",\"breadcrumb\":{\"@id\":\"https:\/\/kastespakomatiem.lv\/en\/shop\/boxes\/s-en\/die-cut-cardboard-150x100x50mm-black\/#breadcrumb\"},\"inLanguage\":\"en-US\",\"potentialAction\":[{\"@type\":\"ReadAction\",\"target\":[\"https:\/\/kastespakomatiem.lv\/en\/shop\/boxes\/s-en\/die-cut-cardboard-150x100x50mm-black\/\"]}]},{\"@type\":\"ImageObject\",\"inLanguage\":\"en-US\",\"@id\":\"https:\/\/kastespakomatiem.lv\/en\/shop\/boxes\/s-en\/die-cut-cardboard-150x100x50mm-black\/#primaryimage\",\"url\":\"https:\/\/kastespakomatiem.lv\/wp-content\/uploads\/2025\/05\/11-2.jpg\",\"contentUrl\":\"https:\/\/kastespakomatiem.lv\/wp-content\/uploads\/2025\/05\/11-2.jpg\",\"width\":1000,\"height\":1001},{\"@type\":\"BreadcrumbList\",\"@id\":\"https:\/\/kastespakomatiem.lv\/en\/shop\/boxes\/s-en\/die-cut-cardboard-150x100x50mm-black\/#breadcrumb\",\"itemListElement\":[{\"@type\":\"ListItem\",\"position\":1,\"name\":\"\u0413\u043b\u0430\u0432\u043d\u0430\u044f \u0441\u0442\u0440\u0430\u043d\u0438\u0446\u0430\",\"item\":\"https:\/\/kastespakomatiem.lv\/en\/\"},{\"@type\":\"ListItem\",\"position\":2,\"name\":\"Shop\",\"item\":\"https:\/\/kastespakomatiem.lv\/veikals\/\"},{\"@type\":\"ListItem\",\"position\":3,\"name\":\"Die-cut cardboard 150x100x50mm black\"}]},{\"@type\":\"WebSite\",\"@id\":\"https:\/\/kastespakomatiem.lv\/en\/#website\",\"url\":\"https:\/\/kastespakomatiem.lv\/en\/\",\"name\":\"Kastes pakom\u0101tiem\",\"description\":\"Gatavas kartona iepakojums un iepakojuma materi\u0101li, kas atbilst Omniva, Latvijas pasts. Itella Smartpost, UDrop, DPD un citu pakom\u0101tu XS, S, M un L kast\u012b\u0161u izm\u0113riem.\",\"publisher\":{\"@id\":\"https:\/\/kastespakomatiem.lv\/en\/#organization\"},\"potentialAction\":[{\"@type\":\"SearchAction\",\"target\":{\"@type\":\"EntryPoint\",\"urlTemplate\":\"https:\/\/kastespakomatiem.lv\/en\/?s={search_term_string}\"},\"query-input\":{\"@type\":\"PropertyValueSpecification\",\"valueRequired\":true,\"valueName\":\"search_term_string\"}}],\"inLanguage\":\"en-US\"},{\"@type\":\"Organization\",\"@id\":\"https:\/\/kastespakomatiem.lv\/en\/#organization\",\"name\":\"Kastes pakom\u0101tiem\",\"url\":\"https:\/\/kastespakomatiem.lv\/en\/\",\"logo\":{\"@type\":\"ImageObject\",\"inLanguage\":\"en-US\",\"@id\":\"https:\/\/kastespakomatiem.lv\/en\/#\/schema\/logo\/image\/\",\"url\":\"https:\/\/kastespakomatiem.lv\/wp-content\/uploads\/2024\/11\/logo.png\",\"contentUrl\":\"https:\/\/kastespakomatiem.lv\/wp-content\/uploads\/2024\/11\/logo.png\",\"width\":300,\"height\":148,\"caption\":\"Kastes pakom\u0101tiem\"},\"image\":{\"@id\":\"https:\/\/kastespakomatiem.lv\/en\/#\/schema\/logo\/image\/\"}}]}<\/script>\n<!-- \/ Yoast SEO Premium plugin. -->","yoast_head_json":{"title":"Die-cut cardboard 150x100x50mm black","description":"0.17EUR Die-cut cardboard 150x100x50mm black fits XS and S size OMNIVA, DPD, U drop, Latvijas pasts, VENIPAK and Smartposti parcel machines","robots":{"index":"index","follow":"follow","max-snippet":"max-snippet:-1","max-image-preview":"max-image-preview:large","max-video-preview":"max-video-preview:-1"},"canonical":"https:\/\/kastespakomatiem.lv\/en\/shop\/boxes\/s-en\/die-cut-cardboard-150x100x50mm-black\/","og_locale":"en_US","og_type":"article","og_title":"Die-cut cardboard 150x100x50mm black","og_description":"0.17EUR Die-cut cardboard 150x100x50mm black fits XS and S size OMNIVA, DPD, U drop, Latvijas pasts, VENIPAK and Smartposti parcel machines","og_url":"https:\/\/kastespakomatiem.lv\/en\/shop\/boxes\/s-en\/die-cut-cardboard-150x100x50mm-black\/","og_site_name":"Kastes pakom\u0101tiem","article_modified_time":"2025-05-21T13:49:03+00:00","og_image":[{"width":1100,"height":1100,"url":"https:\/\/kastespakomatiem.lv\/wp-content\/uploads\/2025\/05\/10-1.jpg","type":"image\/jpeg"}],"twitter_card":"summary_large_image","twitter_misc":{"Est. reading time":"1 minute"},"schema":{"@context":"https:\/\/schema.org","@graph":[{"@type":"WebPage","@id":"https:\/\/kastespakomatiem.lv\/en\/shop\/boxes\/s-en\/die-cut-cardboard-150x100x50mm-black\/","url":"https:\/\/kastespakomatiem.lv\/en\/shop\/boxes\/s-en\/die-cut-cardboard-150x100x50mm-black\/","name":"Die-cut cardboard 150x100x50mm black","isPartOf":{"@id":"https:\/\/kastespakomatiem.lv\/en\/#website"},"primaryImageOfPage":{"@id":"https:\/\/kastespakomatiem.lv\/en\/shop\/boxes\/s-en\/die-cut-cardboard-150x100x50mm-black\/#primaryimage"},"image":{"@id":"https:\/\/kastespakomatiem.lv\/en\/shop\/boxes\/s-en\/die-cut-cardboard-150x100x50mm-black\/#primaryimage"},"thumbnailUrl":"https:\/\/kastespakomatiem.lv\/wp-content\/uploads\/2025\/05\/11-2.jpg","datePublished":"2025-05-21T13:25:31+00:00","dateModified":"2025-05-21T13:49:03+00:00","description":"0.17EUR Die-cut cardboard 150x100x50mm black fits XS and S size OMNIVA, DPD, U drop, Latvijas pasts, VENIPAK and Smartposti parcel machines","breadcrumb":{"@id":"https:\/\/kastespakomatiem.lv\/en\/shop\/boxes\/s-en\/die-cut-cardboard-150x100x50mm-black\/#breadcrumb"},"inLanguage":"en-US","potentialAction":[{"@type":"ReadAction","target":["https:\/\/kastespakomatiem.lv\/en\/shop\/boxes\/s-en\/die-cut-cardboard-150x100x50mm-black\/"]}]},{"@type":"ImageObject","inLanguage":"en-US","@id":"https:\/\/kastespakomatiem.lv\/en\/shop\/boxes\/s-en\/die-cut-cardboard-150x100x50mm-black\/#primaryimage","url":"https:\/\/kastespakomatiem.lv\/wp-content\/uploads\/2025\/05\/11-2.jpg","contentUrl":"https:\/\/kastespakomatiem.lv\/wp-content\/uploads\/2025\/05\/11-2.jpg","width":1000,"height":1001},{"@type":"BreadcrumbList","@id":"https:\/\/kastespakomatiem.lv\/en\/shop\/boxes\/s-en\/die-cut-cardboard-150x100x50mm-black\/#breadcrumb","itemListElement":[{"@type":"ListItem","position":1,"name":"\u0413\u043b\u0430\u0432\u043d\u0430\u044f \u0441\u0442\u0440\u0430\u043d\u0438\u0446\u0430","item":"https:\/\/kastespakomatiem.lv\/en\/"},{"@type":"ListItem","position":2,"name":"Shop","item":"https:\/\/kastespakomatiem.lv\/veikals\/"},{"@type":"ListItem","position":3,"name":"Die-cut cardboard 150x100x50mm black"}]},{"@type":"WebSite","@id":"https:\/\/kastespakomatiem.lv\/en\/#website","url":"https:\/\/kastespakomatiem.lv\/en\/","name":"Kastes pakom\u0101tiem","description":"Gatavas kartona iepakojums un iepakojuma materi\u0101li, kas atbilst Omniva, Latvijas pasts. Itella Smartpost, UDrop, DPD un citu pakom\u0101tu XS, S, M un L kast\u012b\u0161u izm\u0113riem.","publisher":{"@id":"https:\/\/kastespakomatiem.lv\/en\/#organization"},"potentialAction":[{"@type":"SearchAction","target":{"@type":"EntryPoint","urlTemplate":"https:\/\/kastespakomatiem.lv\/en\/?s={search_term_string}"},"query-input":{"@type":"PropertyValueSpecification","valueRequired":true,"valueName":"search_term_string"}}],"inLanguage":"en-US"},{"@type":"Organization","@id":"https:\/\/kastespakomatiem.lv\/en\/#organization","name":"Kastes pakom\u0101tiem","url":"https:\/\/kastespakomatiem.lv\/en\/","logo":{"@type":"ImageObject","inLanguage":"en-US","@id":"https:\/\/kastespakomatiem.lv\/en\/#\/schema\/logo\/image\/","url":"https:\/\/kastespakomatiem.lv\/wp-content\/uploads\/2024\/11\/logo.png","contentUrl":"https:\/\/kastespakomatiem.lv\/wp-content\/uploads\/2024\/11\/logo.png","width":300,"height":148,"caption":"Kastes pakom\u0101tiem"},"image":{"@id":"https:\/\/kastespakomatiem.lv\/en\/#\/schema\/logo\/image\/"}}]}},"_links":{"self":[{"href":"https:\/\/kastespakomatiem.lv\/en\/wp-json\/wp\/v2\/product\/9696","targetHints":{"allow":["GET"]}}],"collection":[{"href":"https:\/\/kastespakomatiem.lv\/en\/wp-json\/wp\/v2\/product"}],"about":[{"href":"https:\/\/kastespakomatiem.lv\/en\/wp-json\/wp\/v2\/types\/product"}],"wp:featuredmedia":[{"embeddable":true,"href":"https:\/\/kastespakomatiem.lv\/en\/wp-json\/wp\/v2\/media\/9700"}],"wp:attachment":[{"href":"https:\/\/kastespakomatiem.lv\/en\/wp-json\/wp\/v2\/media?parent=9696"}],"wp:term":[{"taxonomy":"product_cat","embeddable":true,"href":"https:\/\/kastespakomatiem.lv\/en\/wp-json\/wp\/v2\/product_cat?post=9696"},{"taxonomy":"product_tag","embeddable":true,"href":"https:\/\/kastespakomatiem.lv\/en\/wp-json\/wp\/v2\/product_tag?post=9696"}],"curies":[{"name":"wp","href":"https:\/\/api.w.org\/{rel}","templated":true}]}}