{"id":9902,"date":"2025-11-30T14:14:18","date_gmt":"2025-11-30T11:14:18","guid":{"rendered":"https:\/\/kastespakomatiem.lv\/privatuma-politika\/"},"modified":"2025-12-01T03:49:29","modified_gmt":"2025-12-01T00:49:29","slug":"politika-konfidentsialnosti","status":"publish","type":"page","link":"https:\/\/kastespakomatiem.lv\/ru\/politika-konfidentsialnosti\/","title":{"rendered":"\u041f\u043e\u043b\u0438\u0442\u0438\u043a\u0430 \u043a\u043e\u043d\u0444\u0438\u0434\u0435\u043d\u0446\u0438\u0430\u043b\u044c\u043d\u043e\u0441\u0442\u0438"},"content":{"rendered":"\t\t<div data-elementor-type=\"wp-page\" data-elementor-id=\"9902\" class=\"elementor elementor-9902 elementor-9896\" data-elementor-post-type=\"page\">\n\t\t\t\t<div class=\"elementor-element elementor-element-1b3c65c e-con-full my-breadcrumbs e-flex e-con e-parent\" data-id=\"1b3c65c\" data-element_type=\"container\">\n\t\t\t\t<div class=\"elementor-element elementor-element-b17b20c hidden-bocpak-title-yes elementor-widget__width-inherit elementor-widget elementor-widget-bocpak-breadcrumb\" data-id=\"b17b20c\" data-element_type=\"widget\" data-widget_type=\"bocpak-breadcrumb.default\">\n\t\t\t\t<div class=\"elementor-widget-container\">\n\t\t\t\t\t<div class=\"bocpak-woocommerce-title\">\u041f\u043e\u043b\u0438\u0442\u0438\u043a\u0430 \u043a\u043e\u043d\u0444\u0438\u0434\u0435\u043d\u0446\u0438\u0430\u043b\u044c\u043d\u043e\u0441\u0442\u0438<\/div><nav class=\"woocommerce-breadcrumb\"><a href=\"https:\/\/kastespakomatiem.lv\/ru\/\">KASTESPAKOMATIEM.LV<\/a><\/nav>\t\t\t\t<\/div>\n\t\t\t\t<\/div>\n\t\t\t\t<\/div>\n\t\t<div class=\"elementor-element elementor-element-11d9a86 e-con-full my-wrap e-flex e-con e-parent\" data-id=\"11d9a86\" data-element_type=\"container\">\n\t\t\t\t<div class=\"elementor-element elementor-element-e9fd92d elementor-widget__width-inherit elementor-widget elementor-widget-text-editor\" data-id=\"e9fd92d\" data-element_type=\"widget\" data-settings=\"{&quot;_animation&quot;:&quot;none&quot;}\" data-widget_type=\"text-editor.default\">\n\t\t\t\t<div class=\"elementor-widget-container\">\n\t\t\t\t\t\t\t\t\t<h3 class=\"att-head\">SIA AZ Goods Priv\u0101tuma politika<\/h3><p class=\"main-txt\">SIA AZ Goods (re\u0123istr\u0113ts Latvijas Republikas Uz\u0146\u0113mumu re\u0123istr\u0101, re\u0123.nr. 40203368180, juridisk\u0101 adrese: Siguldas iela 19 \u2013 15, Liep\u0101ja, LV-3416 Latvija) (turpm\u0101k \u2013 SIA AZ Goods), ir P\u0101rzinis, kas izpilda Eiropas Savien\u012bbas Visp\u0101r\u012bg\u0101s datu aizsardz\u012bbas regulas Nr.2016\/679 pras\u012bbas Latvij\u0101.<\/p><div class=\"my-section\"><h4>Lietot\u0101ju datu dro\u0161\u012bba<\/h4><p class=\"main-txt\">SIA AZ Goods ir interneta veikala <strong>kastespakomatiem.lv<\/strong> \u012bpa\u0161nieks. SIA AZ Goods ir veikusi visus nepiecie\u0161amos pas\u0101kumus, lai nodro\u0161in\u0101tu personas datu dro\u0161\u012bbu un nepie\u013cautu to nepamatotu nok\u013c\u016b\u0161anu tre\u0161o personu r\u012bc\u012bb\u0101.<\/p><h4>1. Personas datu ieg\u016b\u0161ana<\/h4><ul><li>1.1 ieg\u016bstot personas datus tie\u0161\u0101 veid\u0101 (v\u0101rds un uzv\u0101rds, t\u0101lru\u0146a numurs un e-pasta adrese)<\/li><li>1.2 netie\u0161i, ieg\u016bstot inform\u0101ciju (piem\u0113ram: izmantojot s\u012bkdatnes un citus tehniskus l\u012bdzek\u013cus, lai p\u0101rraudz\u012btu kastespakomatiem.lv izmanto\u0161anu)<\/li><\/ul><h4>2. Datu apstr\u0101de<\/h4><p class=\"main-txt\">Pirc\u0113ju personas datus SIA AZ Goods apstr\u0101d\u0101, iev\u0113rojot Fizisko personu datu aizsardz\u012bbas likuma noteikt\u0101s pras\u012bbas un citus Latvijas Republikas ties\u012bbu aktus, kas reglament\u0113 personas datu apstr\u0101di un aizsardz\u012bbu.<\/p><h4>3. Pirc\u0113ja piekri\u0161ana<\/h4><p class=\"main-txt\">Ieg\u0101d\u0101joties Interneta veikal\u0101 kastespakomatiem.lv pied\u0101v\u0101t\u0101s preces un pakalpojumus, Pirc\u0113js piekr\u012bt un at\u013cauj SIA AZ Goods apstr\u0101d\u0101t personas datus.<\/p><h4>4. Datu izmanto\u0161anas m\u0113r\u0137i<\/h4><ul><li>4.1 datu apstr\u0101de, izriet no kastespakomatiem.lv Pirc\u0113ju pas\u016bt\u012bjumiem, l\u012bgumsaist\u012bb\u0101m, vai datu apstr\u0101de nepiecie\u0161ama, lai nosl\u0113gtu attiec\u012bgu l\u012bgumu (dar\u012bjumu)<\/li><li>4.2 dati ir nepiecie\u0161ami Pirc\u0113ju identific\u0113\u0161anai un uzskaitei<\/li><li>4.3 dati ir nepiecie\u0161ami komerci\u0101lo pazi\u0146ojumu (epasta un\/ vai SMS) s\u016bt\u012b\u0161anai<\/li><li>4.4 dati ir nepiecie\u0161ami citu saist\u012bbu izpildes nodro\u0161in\u0101\u0161anai<\/li><li>4.5 dati ir nepiecie\u0161ami, lai izskat\u012btu Pirc\u0113ja iesniegumu pre\u010du ieg\u0101dei uz nomaksu<\/li><\/ul><h4>5. Datu aizsardz\u012bba<\/h4><p class=\"main-txt\">SIA AZ Goods nodro\u0161ina Pirc\u0113ju personas datu aizsardz\u012bbu un dro\u0161\u012bbu, to neizplat\u012b\u0161anu tre\u0161aj\u0101m person\u0101m, iz\u0146emot partneriem, kas nodro\u0161ina pieg\u0101di, finans\u0113\u0161anu un pakalpojumus.<\/p><h4>6. Pirc\u0113ja ties\u012bbas<\/h4><p class=\"main-txt\">Pirc\u0113jam ir ties\u012bbas piepras\u012bt datu papildin\u0101\u0161anu, labo\u0161anu vai dz\u0113\u0161anu, rakstot uz <a href=\"mailto:info@kastespakomatiem.lv\">info@kastespakomatiem.lv<\/a>.<\/p><h4>7. Inform\u0101cijas piepras\u012bjums<\/h4><ul><li>7.1 k\u0101das zi\u0146as par Pirc\u0113ju ir ieg\u016btas, datu ieguves avots, kad main\u012bta datos iek\u013caut\u0101 inform\u0101cija<\/li><li>7.2 k\u0101dam m\u0113r\u0137im veikta personas datu apstr\u0101de, zi\u0146as par personas datu sa\u0146\u0113m\u0113jiem<\/li><li>7.3 inform\u0101ciju par to, vai dati tiku\u0161i apstr\u0101d\u0101ti automatiz\u0113ti<\/li><\/ul><h4>8. Datu glab\u0101\u0161ana<\/h4><p class=\"main-txt\">Pirc\u0113ju personas dati tiks glab\u0101ti ne ilg\u0101k, k\u0101 to nosaka normat\u012bvo aktu pras\u012bbas. Pirc\u0113js jebkur\u0101 br\u012bd\u012b var piepras\u012bt savu datu dz\u0113\u0161anu.<\/p><\/div><div class=\"my-section\"><h4>S\u012bkdatnes<\/h4><p class=\"main-txt\">Inform\u0101cija, ko ieg\u016bstam par apmekl\u0113t\u0101jiem, izmantojot m\u0101jas lapu, tiek apstr\u0101d\u0101ta atbilsto\u0161i to ieguves m\u0113r\u0137im. Papildus tiek iev\u0101kta inform\u0101cija no piek\u013cuves failiem (IP adrese, apl\u016bkot\u0101s sada\u013cas un preces).<\/p><h4>1. S\u012bkdat\u0146u izmanto\u0161ana<\/h4><p class=\"main-txt\">kastespakomatiem.lv izmanto s\u012bkdatnes, kas nodro\u0161ina pla\u0161\u0101kas izmanto\u0161anas iesp\u0113jas.<\/p><h4>2. Kas ir s\u012bkdatnes?<\/h4><p class=\"main-txt\">S\u012bkdatnes ir s\u012bkas teksta datnes, kuras p\u0101rl\u016bkprogramma saglab\u0101 lietot\u0101ja ier\u012bc\u0113.<\/p><h4>3. S\u012bkdat\u0146u veidi<\/h4><ul><li>3.1 Sesijas s\u012bkdatnes<\/li><li>3.2 Past\u0101v\u012bgie s\u012bkfaili<\/li><li>3.3 Tre\u0161o pu\u0161u s\u012bkdatnes<\/li><\/ul><h4>4. S\u012bkdat\u0146u izmanto\u0161anas m\u0113r\u0137i<\/h4><ul><li>4.1 kastespakomatiem.lv piel\u0101go\u0161anai lietot\u0101ju v\u0113lm\u0113m<\/li><li>4.2 kastespakomatiem.lv izmanto\u0161anas optimiz\u0113\u0161anai<\/li><li>4.3 rekl\u0101mas un m\u0101rketinga optimiz\u0113\u0161anai<\/li><li>4.4 statistikas veido\u0161anai<\/li><\/ul><h4>5. S\u012bkdat\u0146u p\u0101rvald\u012bba<\/h4><p class=\"main-txt\">S\u012bkdatnes nav oblig\u0101tas, bet t\u0101s nodro\u0161ina pla\u0161\u0101kas iesp\u0113jas. Lietot\u0101js var main\u012bt p\u0101rl\u016bkprogrammas iestat\u012bjumus vai dz\u0113st s\u012bkdatnes.<\/p><\/div>\t\t\t\t\t\t\t\t<\/div>\n\t\t\t\t<\/div>\n\t\t\t\t<\/div>\n\t\t\t\t<\/div>\n\t\t","protected":false},"excerpt":{"rendered":"<p>SIA AZ Goods Priv\u0101tuma politika SIA AZ Goods (re\u0123istr\u0113ts Latvijas Republikas Uz\u0146\u0113mumu re\u0123istr\u0101, re\u0123.nr. 40203368180, juridisk\u0101 adrese: Siguldas iela 19 \u2013 15, Liep\u0101ja, LV-3416 Latvija) (turpm\u0101k \u2013 SIA AZ Goods), ir P\u0101rzinis, kas izpilda Eiropas Savien\u012bbas Visp\u0101r\u012bg\u0101s datu aizsardz\u012bbas regulas Nr.2016\/679 pras\u012bbas Latvij\u0101. Lietot\u0101ju datu dro\u0161\u012bba SIA AZ Goods ir interneta veikala kastespakomatiem.lv \u012bpa\u0161nieks. SIA [&hellip;]<\/p>\n","protected":false},"author":1,"featured_media":0,"parent":0,"menu_order":0,"comment_status":"closed","ping_status":"closed","template":"","meta":{"footnotes":""},"class_list":["post-9902","page","type-page","status-publish","hentry"],"yoast_head":"<!-- This site is optimized with the Yoast SEO Premium plugin v24.9 (Yoast SEO v24.9) - https:\/\/yoast.com\/wordpress\/plugins\/seo\/ -->\n<title>\u041f\u043e\u043b\u0438\u0442\u0438\u043a\u0430 \u043a\u043e\u043d\u0444\u0438\u0434\u0435\u043d\u0446\u0438\u0430\u043b\u044c\u043d\u043e\u0441\u0442\u0438<\/title>\n<meta name=\"robots\" content=\"index, follow, max-snippet:-1, max-image-preview:large, max-video-preview:-1\" \/>\n<link rel=\"canonical\" href=\"https:\/\/kastespakomatiem.lv\/ru\/politika-konfidentsialnosti\/\" \/>\n<meta property=\"og:locale\" content=\"ru_RU\" \/>\n<meta property=\"og:type\" content=\"article\" \/>\n<meta property=\"og:title\" content=\"\u041f\u043e\u043b\u0438\u0442\u0438\u043a\u0430 \u043a\u043e\u043d\u0444\u0438\u0434\u0435\u043d\u0446\u0438\u0430\u043b\u044c\u043d\u043e\u0441\u0442\u0438\" \/>\n<meta property=\"og:description\" content=\"SIA AZ Goods Priv\u0101tuma politika SIA AZ Goods (re\u0123istr\u0113ts Latvijas Republikas Uz\u0146\u0113mumu re\u0123istr\u0101, re\u0123.nr. 40203368180, juridisk\u0101 adrese: Siguldas iela 19 \u2013 15, Liep\u0101ja, LV-3416 Latvija) (turpm\u0101k \u2013 SIA AZ Goods), ir P\u0101rzinis, kas izpilda Eiropas Savien\u012bbas Visp\u0101r\u012bg\u0101s datu aizsardz\u012bbas regulas Nr.2016\/679 pras\u012bbas Latvij\u0101. Lietot\u0101ju datu dro\u0161\u012bba SIA AZ Goods ir interneta veikala kastespakomatiem.lv \u012bpa\u0161nieks. SIA [&hellip;]\" \/>\n<meta property=\"og:url\" content=\"https:\/\/kastespakomatiem.lv\/ru\/politika-konfidentsialnosti\/\" \/>\n<meta property=\"og:site_name\" content=\"Kastes pakom\u0101tiem\" \/>\n<meta property=\"article:modified_time\" content=\"2025-12-01T00:49:29+00:00\" \/>\n<meta name=\"twitter:card\" content=\"summary_large_image\" \/>\n<meta name=\"twitter:label1\" content=\"\u041f\u0440\u0438\u043c\u0435\u0440\u043d\u043e\u0435 \u0432\u0440\u0435\u043c\u044f \u0434\u043b\u044f \u0447\u0442\u0435\u043d\u0438\u044f\" \/>\n\t<meta name=\"twitter:data1\" content=\"2 \u043c\u0438\u043d\u0443\u0442\u044b\" \/>\n<script type=\"application\/ld+json\" class=\"yoast-schema-graph\">{\"@context\":\"https:\/\/schema.org\",\"@graph\":[{\"@type\":\"WebPage\",\"@id\":\"https:\/\/kastespakomatiem.lv\/ru\/politika-konfidentsialnosti\/\",\"url\":\"https:\/\/kastespakomatiem.lv\/ru\/politika-konfidentsialnosti\/\",\"name\":\"\u041f\u043e\u043b\u0438\u0442\u0438\u043a\u0430 \u043a\u043e\u043d\u0444\u0438\u0434\u0435\u043d\u0446\u0438\u0430\u043b\u044c\u043d\u043e\u0441\u0442\u0438\",\"isPartOf\":{\"@id\":\"https:\/\/kastespakomatiem.lv\/ru\/#website\"},\"datePublished\":\"2025-11-30T11:14:18+00:00\",\"dateModified\":\"2025-12-01T00:49:29+00:00\",\"breadcrumb\":{\"@id\":\"https:\/\/kastespakomatiem.lv\/ru\/politika-konfidentsialnosti\/#breadcrumb\"},\"inLanguage\":\"ru-RU\",\"potentialAction\":[{\"@type\":\"ReadAction\",\"target\":[\"https:\/\/kastespakomatiem.lv\/ru\/politika-konfidentsialnosti\/\"]}]},{\"@type\":\"BreadcrumbList\",\"@id\":\"https:\/\/kastespakomatiem.lv\/ru\/politika-konfidentsialnosti\/#breadcrumb\",\"itemListElement\":[{\"@type\":\"ListItem\",\"position\":1,\"name\":\"\u0413\u043b\u0430\u0432\u043d\u0430\u044f \u0441\u0442\u0440\u0430\u043d\u0438\u0446\u0430\",\"item\":\"https:\/\/kastespakomatiem.lv\/ru\/\"},{\"@type\":\"ListItem\",\"position\":2,\"name\":\"\u041f\u043e\u043b\u0438\u0442\u0438\u043a\u0430 \u043a\u043e\u043d\u0444\u0438\u0434\u0435\u043d\u0446\u0438\u0430\u043b\u044c\u043d\u043e\u0441\u0442\u0438\"}]},{\"@type\":\"WebSite\",\"@id\":\"https:\/\/kastespakomatiem.lv\/ru\/#website\",\"url\":\"https:\/\/kastespakomatiem.lv\/ru\/\",\"name\":\"Kastes pakom\u0101tiem\",\"description\":\"Gatavas kartona iepakojums un iepakojuma materi\u0101li, kas atbilst Omniva, Latvijas pasts. Itella Smartpost, UDrop, DPD un citu pakom\u0101tu XS, S, M un L kast\u012b\u0161u izm\u0113riem.\",\"publisher\":{\"@id\":\"https:\/\/kastespakomatiem.lv\/ru\/#organization\"},\"potentialAction\":[{\"@type\":\"SearchAction\",\"target\":{\"@type\":\"EntryPoint\",\"urlTemplate\":\"https:\/\/kastespakomatiem.lv\/ru\/?s={search_term_string}\"},\"query-input\":{\"@type\":\"PropertyValueSpecification\",\"valueRequired\":true,\"valueName\":\"search_term_string\"}}],\"inLanguage\":\"ru-RU\"},{\"@type\":\"Organization\",\"@id\":\"https:\/\/kastespakomatiem.lv\/ru\/#organization\",\"name\":\"Kastes pakom\u0101tiem\",\"url\":\"https:\/\/kastespakomatiem.lv\/ru\/\",\"logo\":{\"@type\":\"ImageObject\",\"inLanguage\":\"ru-RU\",\"@id\":\"https:\/\/kastespakomatiem.lv\/ru\/#\/schema\/logo\/image\/\",\"url\":\"https:\/\/kastespakomatiem.lv\/wp-content\/uploads\/2024\/11\/logo.png\",\"contentUrl\":\"https:\/\/kastespakomatiem.lv\/wp-content\/uploads\/2024\/11\/logo.png\",\"width\":300,\"height\":148,\"caption\":\"Kastes pakom\u0101tiem\"},\"image\":{\"@id\":\"https:\/\/kastespakomatiem.lv\/ru\/#\/schema\/logo\/image\/\"}}]}<\/script>\n<!-- \/ Yoast SEO Premium plugin. -->","yoast_head_json":{"title":"\u041f\u043e\u043b\u0438\u0442\u0438\u043a\u0430 \u043a\u043e\u043d\u0444\u0438\u0434\u0435\u043d\u0446\u0438\u0430\u043b\u044c\u043d\u043e\u0441\u0442\u0438","robots":{"index":"index","follow":"follow","max-snippet":"max-snippet:-1","max-image-preview":"max-image-preview:large","max-video-preview":"max-video-preview:-1"},"canonical":"https:\/\/kastespakomatiem.lv\/ru\/politika-konfidentsialnosti\/","og_locale":"ru_RU","og_type":"article","og_title":"\u041f\u043e\u043b\u0438\u0442\u0438\u043a\u0430 \u043a\u043e\u043d\u0444\u0438\u0434\u0435\u043d\u0446\u0438\u0430\u043b\u044c\u043d\u043e\u0441\u0442\u0438","og_description":"SIA AZ Goods Priv\u0101tuma politika SIA AZ Goods (re\u0123istr\u0113ts Latvijas Republikas Uz\u0146\u0113mumu re\u0123istr\u0101, re\u0123.nr. 40203368180, juridisk\u0101 adrese: Siguldas iela 19 \u2013 15, Liep\u0101ja, LV-3416 Latvija) (turpm\u0101k \u2013 SIA AZ Goods), ir P\u0101rzinis, kas izpilda Eiropas Savien\u012bbas Visp\u0101r\u012bg\u0101s datu aizsardz\u012bbas regulas Nr.2016\/679 pras\u012bbas Latvij\u0101. Lietot\u0101ju datu dro\u0161\u012bba SIA AZ Goods ir interneta veikala kastespakomatiem.lv \u012bpa\u0161nieks. SIA [&hellip;]","og_url":"https:\/\/kastespakomatiem.lv\/ru\/politika-konfidentsialnosti\/","og_site_name":"Kastes pakom\u0101tiem","article_modified_time":"2025-12-01T00:49:29+00:00","twitter_card":"summary_large_image","twitter_misc":{"\u041f\u0440\u0438\u043c\u0435\u0440\u043d\u043e\u0435 \u0432\u0440\u0435\u043c\u044f \u0434\u043b\u044f \u0447\u0442\u0435\u043d\u0438\u044f":"2 \u043c\u0438\u043d\u0443\u0442\u044b"},"schema":{"@context":"https:\/\/schema.org","@graph":[{"@type":"WebPage","@id":"https:\/\/kastespakomatiem.lv\/ru\/politika-konfidentsialnosti\/","url":"https:\/\/kastespakomatiem.lv\/ru\/politika-konfidentsialnosti\/","name":"\u041f\u043e\u043b\u0438\u0442\u0438\u043a\u0430 \u043a\u043e\u043d\u0444\u0438\u0434\u0435\u043d\u0446\u0438\u0430\u043b\u044c\u043d\u043e\u0441\u0442\u0438","isPartOf":{"@id":"https:\/\/kastespakomatiem.lv\/ru\/#website"},"datePublished":"2025-11-30T11:14:18+00:00","dateModified":"2025-12-01T00:49:29+00:00","breadcrumb":{"@id":"https:\/\/kastespakomatiem.lv\/ru\/politika-konfidentsialnosti\/#breadcrumb"},"inLanguage":"ru-RU","potentialAction":[{"@type":"ReadAction","target":["https:\/\/kastespakomatiem.lv\/ru\/politika-konfidentsialnosti\/"]}]},{"@type":"BreadcrumbList","@id":"https:\/\/kastespakomatiem.lv\/ru\/politika-konfidentsialnosti\/#breadcrumb","itemListElement":[{"@type":"ListItem","position":1,"name":"\u0413\u043b\u0430\u0432\u043d\u0430\u044f \u0441\u0442\u0440\u0430\u043d\u0438\u0446\u0430","item":"https:\/\/kastespakomatiem.lv\/ru\/"},{"@type":"ListItem","position":2,"name":"\u041f\u043e\u043b\u0438\u0442\u0438\u043a\u0430 \u043a\u043e\u043d\u0444\u0438\u0434\u0435\u043d\u0446\u0438\u0430\u043b\u044c\u043d\u043e\u0441\u0442\u0438"}]},{"@type":"WebSite","@id":"https:\/\/kastespakomatiem.lv\/ru\/#website","url":"https:\/\/kastespakomatiem.lv\/ru\/","name":"Kastes pakom\u0101tiem","description":"Gatavas kartona iepakojums un iepakojuma materi\u0101li, kas atbilst Omniva, Latvijas pasts. Itella Smartpost, UDrop, DPD un citu pakom\u0101tu XS, S, M un L kast\u012b\u0161u izm\u0113riem.","publisher":{"@id":"https:\/\/kastespakomatiem.lv\/ru\/#organization"},"potentialAction":[{"@type":"SearchAction","target":{"@type":"EntryPoint","urlTemplate":"https:\/\/kastespakomatiem.lv\/ru\/?s={search_term_string}"},"query-input":{"@type":"PropertyValueSpecification","valueRequired":true,"valueName":"search_term_string"}}],"inLanguage":"ru-RU"},{"@type":"Organization","@id":"https:\/\/kastespakomatiem.lv\/ru\/#organization","name":"Kastes pakom\u0101tiem","url":"https:\/\/kastespakomatiem.lv\/ru\/","logo":{"@type":"ImageObject","inLanguage":"ru-RU","@id":"https:\/\/kastespakomatiem.lv\/ru\/#\/schema\/logo\/image\/","url":"https:\/\/kastespakomatiem.lv\/wp-content\/uploads\/2024\/11\/logo.png","contentUrl":"https:\/\/kastespakomatiem.lv\/wp-content\/uploads\/2024\/11\/logo.png","width":300,"height":148,"caption":"Kastes pakom\u0101tiem"},"image":{"@id":"https:\/\/kastespakomatiem.lv\/ru\/#\/schema\/logo\/image\/"}}]}},"_links":{"self":[{"href":"https:\/\/kastespakomatiem.lv\/ru\/wp-json\/wp\/v2\/pages\/9902","targetHints":{"allow":["GET"]}}],"collection":[{"href":"https:\/\/kastespakomatiem.lv\/ru\/wp-json\/wp\/v2\/pages"}],"about":[{"href":"https:\/\/kastespakomatiem.lv\/ru\/wp-json\/wp\/v2\/types\/page"}],"author":[{"embeddable":true,"href":"https:\/\/kastespakomatiem.lv\/ru\/wp-json\/wp\/v2\/users\/1"}],"replies":[{"embeddable":true,"href":"https:\/\/kastespakomatiem.lv\/ru\/wp-json\/wp\/v2\/comments?post=9902"}],"version-history":[{"count":14,"href":"https:\/\/kastespakomatiem.lv\/ru\/wp-json\/wp\/v2\/pages\/9902\/revisions"}],"predecessor-version":[{"id":9940,"href":"https:\/\/kastespakomatiem.lv\/ru\/wp-json\/wp\/v2\/pages\/9902\/revisions\/9940"}],"wp:attachment":[{"href":"https:\/\/kastespakomatiem.lv\/ru\/wp-json\/wp\/v2\/media?parent=9902"}],"curies":[{"name":"wp","href":"https:\/\/api.w.org\/{rel}","templated":true}]}}