{"id":9302,"date":"2024-12-09T15:22:26","date_gmt":"2024-12-09T12:22:26","guid":{"rendered":"https:\/\/kastespakomatiem.lv\/shop\/uncategorized\/polstereta-aploksne-ar-burbulplevi-g-17-260x34040\/"},"modified":"2025-01-28T17:15:13","modified_gmt":"2025-01-28T14:15:13","slug":"bumazhnyj-konvert-s-puzyrchatoj-vnutrennostyu-g-17-260x340-40","status":"publish","type":"product","link":"https:\/\/kastespakomatiem.lv\/ru\/magazin\/konverti\/korichnevyj\/bumazhnyj-konvert-s-puzyrchatoj-vnutrennostyu-g-17-260x340-40\/","title":{"rendered":"\u0411\u0443\u043c\u0430\u0436\u043d\u044b\u0439 \u043a\u043e\u043d\u0432\u0435\u0440\u0442 \u0441 \u043f\u0443\u0437\u044b\u0440\u0447\u0430\u0442\u043e\u0439 \u0432\u043d\u0443\u0442\u0440\u0435\u043d\u043d\u043e\u0441\u0442\u044c\u044e G\/17, 260&#215;340+40"},"content":{"rendered":"<div class=\"detail-traits-wrapper\">\n<h3>\u041f\u0440\u0435\u0434\u043d\u0430\u0437\u043d\u0430\u0447\u0435\u043d\u0438\u0435<\/h3>\n<ul>\n<li>\u041e\u0442\u043f\u0440\u0430\u0432\u043a\u0430 <strong>A4<\/strong> \u0434\u043e\u043a\u0443\u043c\u0435\u043d\u0442\u043e\u0432.<\/li>\n<li>\u0411\u0435\u0437\u043e\u043f\u0430\u0441\u043d\u0430\u044f \u0443\u043f\u0430\u043a\u043e\u0432\u043a\u0430 \u0445\u0440\u0443\u043f\u043a\u0438\u0445 \u043f\u0440\u0435\u0434\u043c\u0435\u0442\u043e\u0432.<\/li>\n<li>\u042d\u043a\u043e\u043b\u043e\u0433\u0438\u0447\u043d\u043e\u0435 \u0440\u0435\u0448\u0435\u043d\u0438\u0435 \u0434\u043b\u044f \u044d\u043b\u0435\u043a\u0442\u0440\u043e\u043d\u043d\u043e\u0439 \u043a\u043e\u043c\u043c\u0435\u0440\u0446\u0438\u0438.<\/li>\n<li>\u0418\u0434\u0435\u0430\u043b\u044c\u043d\u043e \u043f\u043e\u0434\u0445\u043e\u0434\u0438\u0442 \u0434\u043b\u044f \u0442\u0430\u043a\u0438\u0445 \u043e\u0442\u0440\u0430\u0441\u043b\u0435\u0439, \u043a\u0430\u043a \u043e\u0444\u0438\u0441\u044b, \u043a\u043d\u0438\u0436\u043d\u044b\u0435 \u043c\u0430\u0433\u0430\u0437\u0438\u043d\u044b, \u0438\u043d\u0442\u0435\u0440\u043d\u0435\u0442-\u043c\u0430\u0433\u0430\u0437\u0438\u043d\u044b.<\/li>\n<\/ul>\n<h3>\u0421\u043f\u0435\u0446\u0438\u0444\u0438\u043a\u0430\u0446\u0438\u044f<\/h3>\n<table id=\"detail-traits\">\n<tbody>\n<tr>\n<td>\u041a\u043e\u043b\u0438\u0447\u0435\u0441\u0442\u0432\u043e<\/td>\n<td>1 \u0448\u0442.<\/td>\n<\/tr>\n<tr>\n<td>\u0420\u0430\u0437\u043c\u0435\u0440<\/td>\n<td>G17<\/td>\n<\/tr>\n<tr>\n<td>\u0428\u0438\u0440\u0438\u043d\u0430<\/td>\n<td>260mm<\/td>\n<\/tr>\n<tr>\n<td>\u0414\u043b\u0438\u043d\u0430<\/td>\n<td>340mm<\/td>\n<\/tr>\n<tr>\n<td>\u0412\u0435\u0441<\/td>\n<td>80 g\/m\u00b2, 110 g\/m\u00b2<\/td>\n<\/tr>\n<tr>\n<td>\u0422\u0438\u043f \u043a\u043e\u043d\u0432\u0435\u0440\u0442\u0430<\/td>\n<td>\u041c\u043d\u043e\u0433\u043e\u0441\u043b\u043e\u0439\u043d\u044b\u0435 \u0443\u0434\u0430\u0440\u043e\u043f\u043e\u0433\u043b\u043e\u0449\u0430\u044e\u0449\u0438\u0435 \u043a\u043e\u043d\u0432\u0435\u0440\u0442\u044b \u0441 \u043f\u0443\u0437\u044b\u0440\u0447\u0430\u0442\u043e\u0439 \u043f\u043b\u0435\u043d\u043a\u043e\u0439.<\/td>\n<\/tr>\n<tr>\n<td>\u0412\u0438\u0434 \u0431\u0443\u0438\u0430\u0433\u0438<\/td>\n<td>\u041a\u0440\u0430\u0444\u0442-\u0431\u0443\u043c\u0430\u0433\u0430<\/td>\n<\/tr>\n<\/tbody>\n<\/table>\n<\/div>\n","protected":false},"excerpt":{"rendered":"<p>\u041f\u0440\u0435\u0434\u043d\u0430\u0437\u043d\u0430\u0447\u0435\u043d\u0438\u0435 \u041e\u0442\u043f\u0440\u0430\u0432\u043a\u0430 A4 \u0434\u043e\u043a\u0443\u043c\u0435\u043d\u0442\u043e\u0432. \u0411\u0435\u0437\u043e\u043f\u0430\u0441\u043d\u0430\u044f \u0443\u043f\u0430\u043a\u043e\u0432\u043a\u0430 \u0445\u0440\u0443\u043f\u043a\u0438\u0445 \u043f\u0440\u0435\u0434\u043c\u0435\u0442\u043e\u0432. \u042d\u043a\u043e\u043b\u043e\u0433\u0438\u0447\u043d\u043e\u0435 \u0440\u0435\u0448\u0435\u043d\u0438\u0435 \u0434\u043b\u044f \u044d\u043b\u0435\u043a\u0442\u0440\u043e\u043d\u043d\u043e\u0439 \u043a\u043e\u043c\u043c\u0435\u0440\u0446\u0438\u0438. \u0418\u0434\u0435\u0430\u043b\u044c\u043d\u043e \u043f\u043e\u0434\u0445\u043e\u0434\u0438\u0442 \u0434\u043b\u044f \u0442\u0430\u043a\u0438\u0445 \u043e\u0442\u0440\u0430\u0441\u043b\u0435\u0439, \u043a\u0430\u043a \u043e\u0444\u0438\u0441\u044b, \u043a\u043d\u0438\u0436\u043d\u044b\u0435 \u043c\u0430\u0433\u0430\u0437\u0438\u043d\u044b, \u0438\u043d\u0442\u0435\u0440\u043d\u0435\u0442-\u043c\u0430\u0433\u0430\u0437\u0438\u043d\u044b. \u0421\u043f\u0435\u0446\u0438\u0444\u0438\u043a\u0430\u0446\u0438\u044f \u041a\u043e\u043b\u0438\u0447\u0435\u0441\u0442\u0432\u043e 1 \u0448\u0442. \u0420\u0430\u0437\u043c\u0435\u0440 G17 \u0428\u0438\u0440\u0438\u043d\u0430 260mm \u0414\u043b\u0438\u043d\u0430 340mm \u0412\u0435\u0441 80 g\/m\u00b2, 110 g\/m\u00b2 \u0422\u0438\u043f \u043a\u043e\u043d\u0432\u0435\u0440\u0442\u0430 \u041c\u043d\u043e\u0433\u043e\u0441\u043b\u043e\u0439\u043d\u044b\u0435 \u0443\u0434\u0430\u0440\u043e\u043f\u043e\u0433\u043b\u043e\u0449\u0430\u044e\u0449\u0438\u0435 \u043a\u043e\u043d\u0432\u0435\u0440\u0442\u044b \u0441 \u043f\u0443\u0437\u044b\u0440\u0447\u0430\u0442\u043e\u0439 \u043f\u043b\u0435\u043d\u043a\u043e\u0439. \u0412\u0438\u0434 \u0431\u0443\u0438\u0430\u0433\u0438 \u041a\u0440\u0430\u0444\u0442-\u0431\u0443\u043c\u0430\u0433\u0430<\/p>\n","protected":false},"featured_media":8370,"template":"","meta":[],"product_cat":[69,87,98,128],"product_tag":[],"class_list":{"0":"post-9302","1":"product","2":"type-product","3":"status-publish","4":"has-post-thumbnail","6":"product_cat-aploksnes","7":"product_cat-bruna","8":"product_cat-konverti","9":"product_cat-korichnevyj","11":"first","12":"outofstock","13":"taxable","14":"shipping-taxable","15":"purchasable","16":"product-type-simple"},"yoast_head":"<!-- This site is optimized with the Yoast SEO Premium plugin v24.9 (Yoast SEO v24.9) - https:\/\/yoast.com\/wordpress\/plugins\/seo\/ -->\n<title>\u0411\u0443\u043c\u0430\u0436\u043d\u044b\u0439 \u043a\u043e\u043d\u0432\u0435\u0440\u0442 \u0441 \u043f\u0443\u0437\u044b\u0440\u0447\u0430\u0442\u043e\u0439 \u0432\u043d\u0443\u0442\u0440\u0435\u043d\u043d\u043e\u0441\u0442\u044c\u044e G\/17, 260x340+40<\/title>\n<meta name=\"robots\" content=\"index, follow, max-snippet:-1, max-image-preview:large, max-video-preview:-1\" \/>\n<link rel=\"canonical\" href=\"https:\/\/kastespakomatiem.lv\/ru\/magazin\/konverti\/korichnevyj\/bumazhnyj-konvert-s-puzyrchatoj-vnutrennostyu-g-17-260x340-40\/\" \/>\n<meta property=\"og:locale\" content=\"ru_RU\" \/>\n<meta property=\"og:type\" content=\"article\" \/>\n<meta property=\"og:title\" content=\"\u0411\u0443\u043c\u0430\u0436\u043d\u044b\u0439 \u043a\u043e\u043d\u0432\u0435\u0440\u0442 \u0441 \u043f\u0443\u0437\u044b\u0440\u0447\u0430\u0442\u043e\u0439 \u0432\u043d\u0443\u0442\u0440\u0435\u043d\u043d\u043e\u0441\u0442\u044c\u044e G\/17, 260x340+40\" \/>\n<meta property=\"og:description\" content=\"\u041f\u0440\u0435\u0434\u043d\u0430\u0437\u043d\u0430\u0447\u0435\u043d\u0438\u0435 \u041e\u0442\u043f\u0440\u0430\u0432\u043a\u0430 A4 \u0434\u043e\u043a\u0443\u043c\u0435\u043d\u0442\u043e\u0432. \u0411\u0435\u0437\u043e\u043f\u0430\u0441\u043d\u0430\u044f \u0443\u043f\u0430\u043a\u043e\u0432\u043a\u0430 \u0445\u0440\u0443\u043f\u043a\u0438\u0445 \u043f\u0440\u0435\u0434\u043c\u0435\u0442\u043e\u0432. \u042d\u043a\u043e\u043b\u043e\u0433\u0438\u0447\u043d\u043e\u0435 \u0440\u0435\u0448\u0435\u043d\u0438\u0435 \u0434\u043b\u044f \u044d\u043b\u0435\u043a\u0442\u0440\u043e\u043d\u043d\u043e\u0439 \u043a\u043e\u043c\u043c\u0435\u0440\u0446\u0438\u0438. \u0418\u0434\u0435\u0430\u043b\u044c\u043d\u043e \u043f\u043e\u0434\u0445\u043e\u0434\u0438\u0442 \u0434\u043b\u044f \u0442\u0430\u043a\u0438\u0445 \u043e\u0442\u0440\u0430\u0441\u043b\u0435\u0439, \u043a\u0430\u043a \u043e\u0444\u0438\u0441\u044b, \u043a\u043d\u0438\u0436\u043d\u044b\u0435 \u043c\u0430\u0433\u0430\u0437\u0438\u043d\u044b, \u0438\u043d\u0442\u0435\u0440\u043d\u0435\u0442-\u043c\u0430\u0433\u0430\u0437\u0438\u043d\u044b. \u0421\u043f\u0435\u0446\u0438\u0444\u0438\u043a\u0430\u0446\u0438\u044f \u041a\u043e\u043b\u0438\u0447\u0435\u0441\u0442\u0432\u043e 1 \u0448\u0442. \u0420\u0430\u0437\u043c\u0435\u0440 G17 \u0428\u0438\u0440\u0438\u043d\u0430 260mm \u0414\u043b\u0438\u043d\u0430 340mm \u0412\u0435\u0441 80 g\/m\u00b2, 110 g\/m\u00b2 \u0422\u0438\u043f \u043a\u043e\u043d\u0432\u0435\u0440\u0442\u0430 \u041c\u043d\u043e\u0433\u043e\u0441\u043b\u043e\u0439\u043d\u044b\u0435 \u0443\u0434\u0430\u0440\u043e\u043f\u043e\u0433\u043b\u043e\u0449\u0430\u044e\u0449\u0438\u0435 \u043a\u043e\u043d\u0432\u0435\u0440\u0442\u044b \u0441 \u043f\u0443\u0437\u044b\u0440\u0447\u0430\u0442\u043e\u0439 \u043f\u043b\u0435\u043d\u043a\u043e\u0439. \u0412\u0438\u0434 \u0431\u0443\u0438\u0430\u0433\u0438 \u041a\u0440\u0430\u0444\u0442-\u0431\u0443\u043c\u0430\u0433\u0430\" \/>\n<meta property=\"og:url\" content=\"https:\/\/kastespakomatiem.lv\/ru\/magazin\/konverti\/korichnevyj\/bumazhnyj-konvert-s-puzyrchatoj-vnutrennostyu-g-17-260x340-40\/\" \/>\n<meta property=\"og:site_name\" content=\"Kastes pakom\u0101tiem\" \/>\n<meta property=\"article:modified_time\" content=\"2025-01-28T14:15:13+00:00\" \/>\n<meta property=\"og:image\" content=\"https:\/\/kastespakomatiem.lv\/wp-content\/uploads\/2024\/12\/polstereta-aploksne-ar-burbulplevi-G-17-1.png\" \/>\n\t<meta property=\"og:image:width\" content=\"500\" \/>\n\t<meta property=\"og:image:height\" content=\"500\" \/>\n\t<meta property=\"og:image:type\" content=\"image\/png\" \/>\n<meta name=\"twitter:card\" content=\"summary_large_image\" \/>\n<script type=\"application\/ld+json\" class=\"yoast-schema-graph\">{\"@context\":\"https:\/\/schema.org\",\"@graph\":[{\"@type\":\"WebPage\",\"@id\":\"https:\/\/kastespakomatiem.lv\/ru\/magazin\/konverti\/korichnevyj\/bumazhnyj-konvert-s-puzyrchatoj-vnutrennostyu-g-17-260x340-40\/\",\"url\":\"https:\/\/kastespakomatiem.lv\/ru\/magazin\/konverti\/korichnevyj\/bumazhnyj-konvert-s-puzyrchatoj-vnutrennostyu-g-17-260x340-40\/\",\"name\":\"\u0411\u0443\u043c\u0430\u0436\u043d\u044b\u0439 \u043a\u043e\u043d\u0432\u0435\u0440\u0442 \u0441 \u043f\u0443\u0437\u044b\u0440\u0447\u0430\u0442\u043e\u0439 \u0432\u043d\u0443\u0442\u0440\u0435\u043d\u043d\u043e\u0441\u0442\u044c\u044e G\/17, 260x340+40\",\"isPartOf\":{\"@id\":\"https:\/\/kastespakomatiem.lv\/ru\/#website\"},\"primaryImageOfPage\":{\"@id\":\"https:\/\/kastespakomatiem.lv\/ru\/magazin\/konverti\/korichnevyj\/bumazhnyj-konvert-s-puzyrchatoj-vnutrennostyu-g-17-260x340-40\/#primaryimage\"},\"image\":{\"@id\":\"https:\/\/kastespakomatiem.lv\/ru\/magazin\/konverti\/korichnevyj\/bumazhnyj-konvert-s-puzyrchatoj-vnutrennostyu-g-17-260x340-40\/#primaryimage\"},\"thumbnailUrl\":\"https:\/\/kastespakomatiem.lv\/wp-content\/uploads\/2024\/12\/polstereta-aploksne-ar-burbulplevi-G-17-1.png\",\"datePublished\":\"2024-12-09T12:22:26+00:00\",\"dateModified\":\"2025-01-28T14:15:13+00:00\",\"breadcrumb\":{\"@id\":\"https:\/\/kastespakomatiem.lv\/ru\/magazin\/konverti\/korichnevyj\/bumazhnyj-konvert-s-puzyrchatoj-vnutrennostyu-g-17-260x340-40\/#breadcrumb\"},\"inLanguage\":\"ru-RU\",\"potentialAction\":[{\"@type\":\"ReadAction\",\"target\":[\"https:\/\/kastespakomatiem.lv\/ru\/magazin\/konverti\/korichnevyj\/bumazhnyj-konvert-s-puzyrchatoj-vnutrennostyu-g-17-260x340-40\/\"]}]},{\"@type\":\"ImageObject\",\"inLanguage\":\"ru-RU\",\"@id\":\"https:\/\/kastespakomatiem.lv\/ru\/magazin\/konverti\/korichnevyj\/bumazhnyj-konvert-s-puzyrchatoj-vnutrennostyu-g-17-260x340-40\/#primaryimage\",\"url\":\"https:\/\/kastespakomatiem.lv\/wp-content\/uploads\/2024\/12\/polstereta-aploksne-ar-burbulplevi-G-17-1.png\",\"contentUrl\":\"https:\/\/kastespakomatiem.lv\/wp-content\/uploads\/2024\/12\/polstereta-aploksne-ar-burbulplevi-G-17-1.png\",\"width\":500,\"height\":500},{\"@type\":\"BreadcrumbList\",\"@id\":\"https:\/\/kastespakomatiem.lv\/ru\/magazin\/konverti\/korichnevyj\/bumazhnyj-konvert-s-puzyrchatoj-vnutrennostyu-g-17-260x340-40\/#breadcrumb\",\"itemListElement\":[{\"@type\":\"ListItem\",\"position\":1,\"name\":\"\u0413\u043b\u0430\u0432\u043d\u0430\u044f \u0441\u0442\u0440\u0430\u043d\u0438\u0446\u0430\",\"item\":\"https:\/\/kastespakomatiem.lv\/ru\/\"},{\"@type\":\"ListItem\",\"position\":2,\"name\":\"\u041c\u0430\u0433\u0430\u0437\u0438\u043d\",\"item\":\"https:\/\/kastespakomatiem.lv\/ru\/magazin\/\"},{\"@type\":\"ListItem\",\"position\":3,\"name\":\"\u0411\u0443\u043c\u0430\u0436\u043d\u044b\u0439 \u043a\u043e\u043d\u0432\u0435\u0440\u0442 \u0441 \u043f\u0443\u0437\u044b\u0440\u0447\u0430\u0442\u043e\u0439 \u0432\u043d\u0443\u0442\u0440\u0435\u043d\u043d\u043e\u0441\u0442\u044c\u044e G\/17, 260&#215;340+40\"}]},{\"@type\":\"WebSite\",\"@id\":\"https:\/\/kastespakomatiem.lv\/ru\/#website\",\"url\":\"https:\/\/kastespakomatiem.lv\/ru\/\",\"name\":\"Kastes pakom\u0101tiem\",\"description\":\"Gatavas kartona iepakojums un iepakojuma materi\u0101li, kas atbilst Omniva, Latvijas pasts. Itella Smartpost, UDrop, DPD un citu pakom\u0101tu XS, S, M un L kast\u012b\u0161u izm\u0113riem.\",\"publisher\":{\"@id\":\"https:\/\/kastespakomatiem.lv\/ru\/#organization\"},\"potentialAction\":[{\"@type\":\"SearchAction\",\"target\":{\"@type\":\"EntryPoint\",\"urlTemplate\":\"https:\/\/kastespakomatiem.lv\/ru\/?s={search_term_string}\"},\"query-input\":{\"@type\":\"PropertyValueSpecification\",\"valueRequired\":true,\"valueName\":\"search_term_string\"}}],\"inLanguage\":\"ru-RU\"},{\"@type\":\"Organization\",\"@id\":\"https:\/\/kastespakomatiem.lv\/ru\/#organization\",\"name\":\"Kastes pakom\u0101tiem\",\"url\":\"https:\/\/kastespakomatiem.lv\/ru\/\",\"logo\":{\"@type\":\"ImageObject\",\"inLanguage\":\"ru-RU\",\"@id\":\"https:\/\/kastespakomatiem.lv\/ru\/#\/schema\/logo\/image\/\",\"url\":\"https:\/\/kastespakomatiem.lv\/wp-content\/uploads\/2024\/11\/logo.png\",\"contentUrl\":\"https:\/\/kastespakomatiem.lv\/wp-content\/uploads\/2024\/11\/logo.png\",\"width\":300,\"height\":148,\"caption\":\"Kastes pakom\u0101tiem\"},\"image\":{\"@id\":\"https:\/\/kastespakomatiem.lv\/ru\/#\/schema\/logo\/image\/\"}}]}<\/script>\n<!-- \/ Yoast SEO Premium plugin. -->","yoast_head_json":{"title":"\u0411\u0443\u043c\u0430\u0436\u043d\u044b\u0439 \u043a\u043e\u043d\u0432\u0435\u0440\u0442 \u0441 \u043f\u0443\u0437\u044b\u0440\u0447\u0430\u0442\u043e\u0439 \u0432\u043d\u0443\u0442\u0440\u0435\u043d\u043d\u043e\u0441\u0442\u044c\u044e G\/17, 260x340+40","robots":{"index":"index","follow":"follow","max-snippet":"max-snippet:-1","max-image-preview":"max-image-preview:large","max-video-preview":"max-video-preview:-1"},"canonical":"https:\/\/kastespakomatiem.lv\/ru\/magazin\/konverti\/korichnevyj\/bumazhnyj-konvert-s-puzyrchatoj-vnutrennostyu-g-17-260x340-40\/","og_locale":"ru_RU","og_type":"article","og_title":"\u0411\u0443\u043c\u0430\u0436\u043d\u044b\u0439 \u043a\u043e\u043d\u0432\u0435\u0440\u0442 \u0441 \u043f\u0443\u0437\u044b\u0440\u0447\u0430\u0442\u043e\u0439 \u0432\u043d\u0443\u0442\u0440\u0435\u043d\u043d\u043e\u0441\u0442\u044c\u044e G\/17, 260x340+40","og_description":"\u041f\u0440\u0435\u0434\u043d\u0430\u0437\u043d\u0430\u0447\u0435\u043d\u0438\u0435 \u041e\u0442\u043f\u0440\u0430\u0432\u043a\u0430 A4 \u0434\u043e\u043a\u0443\u043c\u0435\u043d\u0442\u043e\u0432. \u0411\u0435\u0437\u043e\u043f\u0430\u0441\u043d\u0430\u044f \u0443\u043f\u0430\u043a\u043e\u0432\u043a\u0430 \u0445\u0440\u0443\u043f\u043a\u0438\u0445 \u043f\u0440\u0435\u0434\u043c\u0435\u0442\u043e\u0432. \u042d\u043a\u043e\u043b\u043e\u0433\u0438\u0447\u043d\u043e\u0435 \u0440\u0435\u0448\u0435\u043d\u0438\u0435 \u0434\u043b\u044f \u044d\u043b\u0435\u043a\u0442\u0440\u043e\u043d\u043d\u043e\u0439 \u043a\u043e\u043c\u043c\u0435\u0440\u0446\u0438\u0438. \u0418\u0434\u0435\u0430\u043b\u044c\u043d\u043e \u043f\u043e\u0434\u0445\u043e\u0434\u0438\u0442 \u0434\u043b\u044f \u0442\u0430\u043a\u0438\u0445 \u043e\u0442\u0440\u0430\u0441\u043b\u0435\u0439, \u043a\u0430\u043a \u043e\u0444\u0438\u0441\u044b, \u043a\u043d\u0438\u0436\u043d\u044b\u0435 \u043c\u0430\u0433\u0430\u0437\u0438\u043d\u044b, \u0438\u043d\u0442\u0435\u0440\u043d\u0435\u0442-\u043c\u0430\u0433\u0430\u0437\u0438\u043d\u044b. \u0421\u043f\u0435\u0446\u0438\u0444\u0438\u043a\u0430\u0446\u0438\u044f \u041a\u043e\u043b\u0438\u0447\u0435\u0441\u0442\u0432\u043e 1 \u0448\u0442. \u0420\u0430\u0437\u043c\u0435\u0440 G17 \u0428\u0438\u0440\u0438\u043d\u0430 260mm \u0414\u043b\u0438\u043d\u0430 340mm \u0412\u0435\u0441 80 g\/m\u00b2, 110 g\/m\u00b2 \u0422\u0438\u043f \u043a\u043e\u043d\u0432\u0435\u0440\u0442\u0430 \u041c\u043d\u043e\u0433\u043e\u0441\u043b\u043e\u0439\u043d\u044b\u0435 \u0443\u0434\u0430\u0440\u043e\u043f\u043e\u0433\u043b\u043e\u0449\u0430\u044e\u0449\u0438\u0435 \u043a\u043e\u043d\u0432\u0435\u0440\u0442\u044b \u0441 \u043f\u0443\u0437\u044b\u0440\u0447\u0430\u0442\u043e\u0439 \u043f\u043b\u0435\u043d\u043a\u043e\u0439. \u0412\u0438\u0434 \u0431\u0443\u0438\u0430\u0433\u0438 \u041a\u0440\u0430\u0444\u0442-\u0431\u0443\u043c\u0430\u0433\u0430","og_url":"https:\/\/kastespakomatiem.lv\/ru\/magazin\/konverti\/korichnevyj\/bumazhnyj-konvert-s-puzyrchatoj-vnutrennostyu-g-17-260x340-40\/","og_site_name":"Kastes pakom\u0101tiem","article_modified_time":"2025-01-28T14:15:13+00:00","og_image":[{"width":500,"height":500,"url":"https:\/\/kastespakomatiem.lv\/wp-content\/uploads\/2024\/12\/polstereta-aploksne-ar-burbulplevi-G-17-1.png","type":"image\/png"}],"twitter_card":"summary_large_image","schema":{"@context":"https:\/\/schema.org","@graph":[{"@type":"WebPage","@id":"https:\/\/kastespakomatiem.lv\/ru\/magazin\/konverti\/korichnevyj\/bumazhnyj-konvert-s-puzyrchatoj-vnutrennostyu-g-17-260x340-40\/","url":"https:\/\/kastespakomatiem.lv\/ru\/magazin\/konverti\/korichnevyj\/bumazhnyj-konvert-s-puzyrchatoj-vnutrennostyu-g-17-260x340-40\/","name":"\u0411\u0443\u043c\u0430\u0436\u043d\u044b\u0439 \u043a\u043e\u043d\u0432\u0435\u0440\u0442 \u0441 \u043f\u0443\u0437\u044b\u0440\u0447\u0430\u0442\u043e\u0439 \u0432\u043d\u0443\u0442\u0440\u0435\u043d\u043d\u043e\u0441\u0442\u044c\u044e G\/17, 260x340+40","isPartOf":{"@id":"https:\/\/kastespakomatiem.lv\/ru\/#website"},"primaryImageOfPage":{"@id":"https:\/\/kastespakomatiem.lv\/ru\/magazin\/konverti\/korichnevyj\/bumazhnyj-konvert-s-puzyrchatoj-vnutrennostyu-g-17-260x340-40\/#primaryimage"},"image":{"@id":"https:\/\/kastespakomatiem.lv\/ru\/magazin\/konverti\/korichnevyj\/bumazhnyj-konvert-s-puzyrchatoj-vnutrennostyu-g-17-260x340-40\/#primaryimage"},"thumbnailUrl":"https:\/\/kastespakomatiem.lv\/wp-content\/uploads\/2024\/12\/polstereta-aploksne-ar-burbulplevi-G-17-1.png","datePublished":"2024-12-09T12:22:26+00:00","dateModified":"2025-01-28T14:15:13+00:00","breadcrumb":{"@id":"https:\/\/kastespakomatiem.lv\/ru\/magazin\/konverti\/korichnevyj\/bumazhnyj-konvert-s-puzyrchatoj-vnutrennostyu-g-17-260x340-40\/#breadcrumb"},"inLanguage":"ru-RU","potentialAction":[{"@type":"ReadAction","target":["https:\/\/kastespakomatiem.lv\/ru\/magazin\/konverti\/korichnevyj\/bumazhnyj-konvert-s-puzyrchatoj-vnutrennostyu-g-17-260x340-40\/"]}]},{"@type":"ImageObject","inLanguage":"ru-RU","@id":"https:\/\/kastespakomatiem.lv\/ru\/magazin\/konverti\/korichnevyj\/bumazhnyj-konvert-s-puzyrchatoj-vnutrennostyu-g-17-260x340-40\/#primaryimage","url":"https:\/\/kastespakomatiem.lv\/wp-content\/uploads\/2024\/12\/polstereta-aploksne-ar-burbulplevi-G-17-1.png","contentUrl":"https:\/\/kastespakomatiem.lv\/wp-content\/uploads\/2024\/12\/polstereta-aploksne-ar-burbulplevi-G-17-1.png","width":500,"height":500},{"@type":"BreadcrumbList","@id":"https:\/\/kastespakomatiem.lv\/ru\/magazin\/konverti\/korichnevyj\/bumazhnyj-konvert-s-puzyrchatoj-vnutrennostyu-g-17-260x340-40\/#breadcrumb","itemListElement":[{"@type":"ListItem","position":1,"name":"\u0413\u043b\u0430\u0432\u043d\u0430\u044f \u0441\u0442\u0440\u0430\u043d\u0438\u0446\u0430","item":"https:\/\/kastespakomatiem.lv\/ru\/"},{"@type":"ListItem","position":2,"name":"\u041c\u0430\u0433\u0430\u0437\u0438\u043d","item":"https:\/\/kastespakomatiem.lv\/ru\/magazin\/"},{"@type":"ListItem","position":3,"name":"\u0411\u0443\u043c\u0430\u0436\u043d\u044b\u0439 \u043a\u043e\u043d\u0432\u0435\u0440\u0442 \u0441 \u043f\u0443\u0437\u044b\u0440\u0447\u0430\u0442\u043e\u0439 \u0432\u043d\u0443\u0442\u0440\u0435\u043d\u043d\u043e\u0441\u0442\u044c\u044e G\/17, 260&#215;340+40"}]},{"@type":"WebSite","@id":"https:\/\/kastespakomatiem.lv\/ru\/#website","url":"https:\/\/kastespakomatiem.lv\/ru\/","name":"Kastes pakom\u0101tiem","description":"Gatavas kartona iepakojums un iepakojuma materi\u0101li, kas atbilst Omniva, Latvijas pasts. Itella Smartpost, UDrop, DPD un citu pakom\u0101tu XS, S, M un L kast\u012b\u0161u izm\u0113riem.","publisher":{"@id":"https:\/\/kastespakomatiem.lv\/ru\/#organization"},"potentialAction":[{"@type":"SearchAction","target":{"@type":"EntryPoint","urlTemplate":"https:\/\/kastespakomatiem.lv\/ru\/?s={search_term_string}"},"query-input":{"@type":"PropertyValueSpecification","valueRequired":true,"valueName":"search_term_string"}}],"inLanguage":"ru-RU"},{"@type":"Organization","@id":"https:\/\/kastespakomatiem.lv\/ru\/#organization","name":"Kastes pakom\u0101tiem","url":"https:\/\/kastespakomatiem.lv\/ru\/","logo":{"@type":"ImageObject","inLanguage":"ru-RU","@id":"https:\/\/kastespakomatiem.lv\/ru\/#\/schema\/logo\/image\/","url":"https:\/\/kastespakomatiem.lv\/wp-content\/uploads\/2024\/11\/logo.png","contentUrl":"https:\/\/kastespakomatiem.lv\/wp-content\/uploads\/2024\/11\/logo.png","width":300,"height":148,"caption":"Kastes pakom\u0101tiem"},"image":{"@id":"https:\/\/kastespakomatiem.lv\/ru\/#\/schema\/logo\/image\/"}}]}},"_links":{"self":[{"href":"https:\/\/kastespakomatiem.lv\/ru\/wp-json\/wp\/v2\/product\/9302","targetHints":{"allow":["GET"]}}],"collection":[{"href":"https:\/\/kastespakomatiem.lv\/ru\/wp-json\/wp\/v2\/product"}],"about":[{"href":"https:\/\/kastespakomatiem.lv\/ru\/wp-json\/wp\/v2\/types\/product"}],"wp:featuredmedia":[{"embeddable":true,"href":"https:\/\/kastespakomatiem.lv\/ru\/wp-json\/wp\/v2\/media\/8370"}],"wp:attachment":[{"href":"https:\/\/kastespakomatiem.lv\/ru\/wp-json\/wp\/v2\/media?parent=9302"}],"wp:term":[{"taxonomy":"product_cat","embeddable":true,"href":"https:\/\/kastespakomatiem.lv\/ru\/wp-json\/wp\/v2\/product_cat?post=9302"},{"taxonomy":"product_tag","embeddable":true,"href":"https:\/\/kastespakomatiem.lv\/ru\/wp-json\/wp\/v2\/product_tag?post=9302"}],"curies":[{"name":"wp","href":"https:\/\/api.w.org\/{rel}","templated":true}]}}