{"id":9535,"date":"2025-04-24T16:01:19","date_gmt":"2025-04-24T13:01:19","guid":{"rendered":"https:\/\/kastespakomatiem.lv\/?post_type=product&#038;p=9535"},"modified":"2025-04-24T16:06:37","modified_gmt":"2025-04-24T13:06:37","slug":"kartonnaya-korobka-330x200x200mm","status":"publish","type":"product","link":"https:\/\/kastespakomatiem.lv\/ru\/magazin\/korobki\/m\/kartonnaya-korobka-330x200x200mm\/","title":{"rendered":"\u041a\u0430\u0440\u0442\u043e\u043d\u043d\u0430\u044f \u043a\u043e\u0440\u043e\u0431\u043a\u0430 330x200x200mm"},"content":{"rendered":"<div class=\"prod\">\n<p>K\u043e\u0440\u043e\u0431\u043a\u0438 \u043f\u043e\u0434\u0445\u043e\u0434\u044f\u0442 \u043f\u043e\u0434 M \u0440\u0430\u0437\u043c\u0435\u0440 \u0434\u043b\u044f \u043f\u0430\u043a\u043e\u043c\u0430\u0442\u043e\u0432 VENIPAK, Smartposti, \u0430 \u0442\u0430\u043a\u0436\u0435 \u043f\u043e\u0434 L \u0440\u0430\u0437\u043c\u0435\u0440 OMNIVA, DPD, U drop, Latvijas pasts.<\/p>\n<\/div>\n<div class=\"detail-traits-wrapper\">\n<h3>\u0421\u043f\u0435\u0446\u0438\u0444\u0438\u043a\u0430\u0446\u0438\u044f<\/h3>\n<table id=\"detail-traits\">\n<tbody>\n<tr>\n<td>\u041a\u043e\u043b\u0438\u0447\u0435\u0441\u0442\u0432\u043e<\/td>\n<td>1 \u0448\u0442.<\/td>\n<\/tr>\n<tr>\n<td>\u0424\u043e\u0440\u043c\u0430\u0442\u044b<\/td>\n<td>\u041a\u0432\u0430\u0434\u0440\u0430\u0442<\/td>\n<\/tr>\n<tr>\n<td>\u0414\u043b\u0438\u043d\u0430<\/td>\n<td>330mm<\/td>\n<\/tr>\n<tr>\n<td>\u0428\u0438\u0440\u0438\u043d\u0430<\/td>\n<td>200mm<\/td>\n<\/tr>\n<tr>\n<td>\u0412\u044b\u0441\u043e\u0442\u0430<\/td>\n<td>200mm<\/td>\n<\/tr>\n<tr>\n<td>\u0426\u0432\u0435\u0442<\/td>\n<td>\u041a\u043e\u0440\u0438\u0447\u043d\u0435\u0432\u044b\u0439<\/td>\n<\/tr>\n<tr>\n<td>\u0422\u0438\u043f \u043a\u0430\u0440\u0442\u043e\u043d\u0430<\/td>\n<td>3-\u0445 \u0441\u043b\u043e\u0439\u043d\u044b\u0439, \u0412\u043e\u043b\u043d\u0430 B<\/td>\n<\/tr>\n<tr>\n<td>\u0422\u0438\u043f \u0441\u043a\u043b\u0430\u0434\u044b\u0432\u0430\u043d\u0438\u044f<\/td>\n<td>\u041d\u0435\u043e\u0431\u0445\u043e\u0434\u0438\u043c \u0441\u043a\u043e\u0442\u0447 \u0434\u043b\u044f \u0441\u043a\u043b\u0430\u0434\u044b\u0432\u0430\u043d\u0438\u044f.<\/td>\n<\/tr>\n<tr>\n<td>Fefco<\/td>\n<td>201<\/td>\n<\/tr>\n<tr>\n<td>\u041d\u0430\u0437\u043d\u0430\u0447\u0435\u043d\u0438\u0435<\/td>\n<td>\u041f\u0430\u043a\u043e\u043c\u0430\u0442\u044b, \u041f\u043e\u0447\u0442\u043e\u0432\u044b\u0435 \u043f\u043e\u0441\u044b\u043b\u043a\u0438<\/td>\n<\/tr>\n<tr>\n<td>\u041f\u043b\u043e\u0442\u043d\u043e\u0441\u0442\u044c<\/td>\n<td>360 g\/m\u00b2<\/td>\n<\/tr>\n<\/tbody>\n<\/table>\n<\/div>\n","protected":false},"excerpt":{"rendered":"<p>K\u043e\u0440\u043e\u0431\u043a\u0438 \u043f\u043e\u0434\u0445\u043e\u0434\u044f\u0442 \u043f\u043e\u0434 M \u0440\u0430\u0437\u043c\u0435\u0440 \u0434\u043b\u044f \u043f\u0430\u043a\u043e\u043c\u0430\u0442\u043e\u0432 VENIPAK, Smartposti, \u0430 \u0442\u0430\u043a\u0436\u0435 \u043f\u043e\u0434 L \u0440\u0430\u0437\u043c\u0435\u0440 OMNIVA, DPD, U drop, Latvijas pasts. \u0421\u043f\u0435\u0446\u0438\u0444\u0438\u043a\u0430\u0446\u0438\u044f \u041a\u043e\u043b\u0438\u0447\u0435\u0441\u0442\u0432\u043e 1 \u0448\u0442. \u0424\u043e\u0440\u043c\u0430\u0442\u044b \u041a\u0432\u0430\u0434\u0440\u0430\u0442 \u0414\u043b\u0438\u043d\u0430 330mm \u0428\u0438\u0440\u0438\u043d\u0430 200mm \u0412\u044b\u0441\u043e\u0442\u0430 200mm \u0426\u0432\u0435\u0442 \u041a\u043e\u0440\u0438\u0447\u043d\u0435\u0432\u044b\u0439 \u0422\u0438\u043f \u043a\u0430\u0440\u0442\u043e\u043d\u0430 3-\u0445 \u0441\u043b\u043e\u0439\u043d\u044b\u0439, \u0412\u043e\u043b\u043d\u0430 B \u0422\u0438\u043f \u0441\u043a\u043b\u0430\u0434\u044b\u0432\u0430\u043d\u0438\u044f \u041d\u0435\u043e\u0431\u0445\u043e\u0434\u0438\u043c \u0441\u043a\u043e\u0442\u0447 \u0434\u043b\u044f \u0441\u043a\u043b\u0430\u0434\u044b\u0432\u0430\u043d\u0438\u044f. Fefco 201 \u041d\u0430\u0437\u043d\u0430\u0447\u0435\u043d\u0438\u0435 \u041f\u0430\u043a\u043e\u043c\u0430\u0442\u044b, \u041f\u043e\u0447\u0442\u043e\u0432\u044b\u0435 \u043f\u043e\u0441\u044b\u043b\u043a\u0438 \u041f\u043b\u043e\u0442\u043d\u043e\u0441\u0442\u044c 360 g\/m\u00b2<\/p>\n","protected":false},"featured_media":8693,"template":"","meta":[],"product_cat":[104,118],"product_tag":[],"class_list":{"0":"post-9535","1":"product","2":"type-product","3":"status-publish","4":"has-post-thumbnail","6":"product_cat-m","7":"product_cat-korobki","8":"product_shipping_class-kurjers-ru","10":"first","11":"instock","12":"taxable","13":"shipping-taxable","14":"purchasable","15":"product-type-simple"},"yoast_head":"<!-- This site is optimized with the Yoast SEO Premium plugin v24.9 (Yoast SEO v24.9) - https:\/\/yoast.com\/wordpress\/plugins\/seo\/ -->\n<title>\u041a\u0430\u0440\u0442\u043e\u043d\u043d\u0430\u044f \u043a\u043e\u0440\u043e\u0431\u043a\u0430 330x200x200mm<\/title>\n<meta name=\"robots\" content=\"index, follow, max-snippet:-1, max-image-preview:large, max-video-preview:-1\" \/>\n<link rel=\"canonical\" href=\"https:\/\/kastespakomatiem.lv\/ru\/magazin\/korobki\/m\/kartonnaya-korobka-330x200x200mm\/\" \/>\n<meta property=\"og:locale\" content=\"ru_RU\" \/>\n<meta property=\"og:type\" content=\"article\" \/>\n<meta property=\"og:title\" content=\"\u041a\u0430\u0440\u0442\u043e\u043d\u043d\u0430\u044f \u043a\u043e\u0440\u043e\u0431\u043a\u0430 330x200x200mm\" \/>\n<meta property=\"og:description\" content=\"K\u043e\u0440\u043e\u0431\u043a\u0438 \u043f\u043e\u0434\u0445\u043e\u0434\u044f\u0442 \u043f\u043e\u0434 M \u0440\u0430\u0437\u043c\u0435\u0440 \u0434\u043b\u044f \u043f\u0430\u043a\u043e\u043c\u0430\u0442\u043e\u0432 VENIPAK, Smartposti, \u0430 \u0442\u0430\u043a\u0436\u0435 \u043f\u043e\u0434 L \u0440\u0430\u0437\u043c\u0435\u0440 OMNIVA, DPD, U drop, Latvijas pasts. \u0421\u043f\u0435\u0446\u0438\u0444\u0438\u043a\u0430\u0446\u0438\u044f \u041a\u043e\u043b\u0438\u0447\u0435\u0441\u0442\u0432\u043e 1 \u0448\u0442. \u0424\u043e\u0440\u043c\u0430\u0442\u044b \u041a\u0432\u0430\u0434\u0440\u0430\u0442 \u0414\u043b\u0438\u043d\u0430 330mm \u0428\u0438\u0440\u0438\u043d\u0430 200mm \u0412\u044b\u0441\u043e\u0442\u0430 200mm \u0426\u0432\u0435\u0442 \u041a\u043e\u0440\u0438\u0447\u043d\u0435\u0432\u044b\u0439 \u0422\u0438\u043f \u043a\u0430\u0440\u0442\u043e\u043d\u0430 3-\u0445 \u0441\u043b\u043e\u0439\u043d\u044b\u0439, \u0412\u043e\u043b\u043d\u0430 B \u0422\u0438\u043f \u0441\u043a\u043b\u0430\u0434\u044b\u0432\u0430\u043d\u0438\u044f \u041d\u0435\u043e\u0431\u0445\u043e\u0434\u0438\u043c \u0441\u043a\u043e\u0442\u0447 \u0434\u043b\u044f \u0441\u043a\u043b\u0430\u0434\u044b\u0432\u0430\u043d\u0438\u044f. Fefco 201 \u041d\u0430\u0437\u043d\u0430\u0447\u0435\u043d\u0438\u0435 \u041f\u0430\u043a\u043e\u043c\u0430\u0442\u044b, \u041f\u043e\u0447\u0442\u043e\u0432\u044b\u0435 \u043f\u043e\u0441\u044b\u043b\u043a\u0438 \u041f\u043b\u043e\u0442\u043d\u043e\u0441\u0442\u044c 360 g\/m\u00b2\" \/>\n<meta property=\"og:url\" content=\"https:\/\/kastespakomatiem.lv\/ru\/magazin\/korobki\/m\/kartonnaya-korobka-330x200x200mm\/\" \/>\n<meta property=\"og:site_name\" content=\"Kastes pakom\u0101tiem\" \/>\n<meta property=\"article:modified_time\" content=\"2025-04-24T13:06:37+00:00\" \/>\n<meta property=\"og:image\" content=\"https:\/\/kastespakomatiem.lv\/wp-content\/uploads\/2024\/11\/kaste-300x300x80mm-1.png\" \/>\n\t<meta property=\"og:image:width\" content=\"500\" \/>\n\t<meta property=\"og:image:height\" content=\"500\" \/>\n\t<meta property=\"og:image:type\" content=\"image\/png\" \/>\n<meta name=\"twitter:card\" content=\"summary_large_image\" \/>\n<script type=\"application\/ld+json\" class=\"yoast-schema-graph\">{\"@context\":\"https:\/\/schema.org\",\"@graph\":[{\"@type\":\"WebPage\",\"@id\":\"https:\/\/kastespakomatiem.lv\/ru\/magazin\/korobki\/m\/kartonnaya-korobka-330x200x200mm\/\",\"url\":\"https:\/\/kastespakomatiem.lv\/ru\/magazin\/korobki\/m\/kartonnaya-korobka-330x200x200mm\/\",\"name\":\"\u041a\u0430\u0440\u0442\u043e\u043d\u043d\u0430\u044f \u043a\u043e\u0440\u043e\u0431\u043a\u0430 330x200x200mm\",\"isPartOf\":{\"@id\":\"https:\/\/kastespakomatiem.lv\/ru\/#website\"},\"primaryImageOfPage\":{\"@id\":\"https:\/\/kastespakomatiem.lv\/ru\/magazin\/korobki\/m\/kartonnaya-korobka-330x200x200mm\/#primaryimage\"},\"image\":{\"@id\":\"https:\/\/kastespakomatiem.lv\/ru\/magazin\/korobki\/m\/kartonnaya-korobka-330x200x200mm\/#primaryimage\"},\"thumbnailUrl\":\"https:\/\/kastespakomatiem.lv\/wp-content\/uploads\/2024\/11\/kaste-300x300x80mm-1.png\",\"datePublished\":\"2025-04-24T13:01:19+00:00\",\"dateModified\":\"2025-04-24T13:06:37+00:00\",\"breadcrumb\":{\"@id\":\"https:\/\/kastespakomatiem.lv\/ru\/magazin\/korobki\/m\/kartonnaya-korobka-330x200x200mm\/#breadcrumb\"},\"inLanguage\":\"ru-RU\",\"potentialAction\":[{\"@type\":\"ReadAction\",\"target\":[\"https:\/\/kastespakomatiem.lv\/ru\/magazin\/korobki\/m\/kartonnaya-korobka-330x200x200mm\/\"]}]},{\"@type\":\"ImageObject\",\"inLanguage\":\"ru-RU\",\"@id\":\"https:\/\/kastespakomatiem.lv\/ru\/magazin\/korobki\/m\/kartonnaya-korobka-330x200x200mm\/#primaryimage\",\"url\":\"https:\/\/kastespakomatiem.lv\/wp-content\/uploads\/2024\/11\/kaste-300x300x80mm-1.png\",\"contentUrl\":\"https:\/\/kastespakomatiem.lv\/wp-content\/uploads\/2024\/11\/kaste-300x300x80mm-1.png\",\"width\":500,\"height\":500},{\"@type\":\"BreadcrumbList\",\"@id\":\"https:\/\/kastespakomatiem.lv\/ru\/magazin\/korobki\/m\/kartonnaya-korobka-330x200x200mm\/#breadcrumb\",\"itemListElement\":[{\"@type\":\"ListItem\",\"position\":1,\"name\":\"\u0413\u043b\u0430\u0432\u043d\u0430\u044f \u0441\u0442\u0440\u0430\u043d\u0438\u0446\u0430\",\"item\":\"https:\/\/kastespakomatiem.lv\/ru\/\"},{\"@type\":\"ListItem\",\"position\":2,\"name\":\"\u041c\u0430\u0433\u0430\u0437\u0438\u043d\",\"item\":\"https:\/\/kastespakomatiem.lv\/ru\/magazin\/\"},{\"@type\":\"ListItem\",\"position\":3,\"name\":\"\u041a\u0430\u0440\u0442\u043e\u043d\u043d\u0430\u044f \u043a\u043e\u0440\u043e\u0431\u043a\u0430 330x200x200mm\"}]},{\"@type\":\"WebSite\",\"@id\":\"https:\/\/kastespakomatiem.lv\/ru\/#website\",\"url\":\"https:\/\/kastespakomatiem.lv\/ru\/\",\"name\":\"Kastes pakom\u0101tiem\",\"description\":\"Gatavas kartona iepakojums un iepakojuma materi\u0101li, kas atbilst Omniva, Latvijas pasts. Itella Smartpost, UDrop, DPD un citu pakom\u0101tu XS, S, M un L kast\u012b\u0161u izm\u0113riem.\",\"publisher\":{\"@id\":\"https:\/\/kastespakomatiem.lv\/ru\/#organization\"},\"potentialAction\":[{\"@type\":\"SearchAction\",\"target\":{\"@type\":\"EntryPoint\",\"urlTemplate\":\"https:\/\/kastespakomatiem.lv\/ru\/?s={search_term_string}\"},\"query-input\":{\"@type\":\"PropertyValueSpecification\",\"valueRequired\":true,\"valueName\":\"search_term_string\"}}],\"inLanguage\":\"ru-RU\"},{\"@type\":\"Organization\",\"@id\":\"https:\/\/kastespakomatiem.lv\/ru\/#organization\",\"name\":\"Kastes pakom\u0101tiem\",\"url\":\"https:\/\/kastespakomatiem.lv\/ru\/\",\"logo\":{\"@type\":\"ImageObject\",\"inLanguage\":\"ru-RU\",\"@id\":\"https:\/\/kastespakomatiem.lv\/ru\/#\/schema\/logo\/image\/\",\"url\":\"https:\/\/kastespakomatiem.lv\/wp-content\/uploads\/2024\/11\/logo.png\",\"contentUrl\":\"https:\/\/kastespakomatiem.lv\/wp-content\/uploads\/2024\/11\/logo.png\",\"width\":300,\"height\":148,\"caption\":\"Kastes pakom\u0101tiem\"},\"image\":{\"@id\":\"https:\/\/kastespakomatiem.lv\/ru\/#\/schema\/logo\/image\/\"}}]}<\/script>\n<!-- \/ Yoast SEO Premium plugin. -->","yoast_head_json":{"title":"\u041a\u0430\u0440\u0442\u043e\u043d\u043d\u0430\u044f \u043a\u043e\u0440\u043e\u0431\u043a\u0430 330x200x200mm","robots":{"index":"index","follow":"follow","max-snippet":"max-snippet:-1","max-image-preview":"max-image-preview:large","max-video-preview":"max-video-preview:-1"},"canonical":"https:\/\/kastespakomatiem.lv\/ru\/magazin\/korobki\/m\/kartonnaya-korobka-330x200x200mm\/","og_locale":"ru_RU","og_type":"article","og_title":"\u041a\u0430\u0440\u0442\u043e\u043d\u043d\u0430\u044f \u043a\u043e\u0440\u043e\u0431\u043a\u0430 330x200x200mm","og_description":"K\u043e\u0440\u043e\u0431\u043a\u0438 \u043f\u043e\u0434\u0445\u043e\u0434\u044f\u0442 \u043f\u043e\u0434 M \u0440\u0430\u0437\u043c\u0435\u0440 \u0434\u043b\u044f \u043f\u0430\u043a\u043e\u043c\u0430\u0442\u043e\u0432 VENIPAK, Smartposti, \u0430 \u0442\u0430\u043a\u0436\u0435 \u043f\u043e\u0434 L \u0440\u0430\u0437\u043c\u0435\u0440 OMNIVA, DPD, U drop, Latvijas pasts. \u0421\u043f\u0435\u0446\u0438\u0444\u0438\u043a\u0430\u0446\u0438\u044f \u041a\u043e\u043b\u0438\u0447\u0435\u0441\u0442\u0432\u043e 1 \u0448\u0442. \u0424\u043e\u0440\u043c\u0430\u0442\u044b \u041a\u0432\u0430\u0434\u0440\u0430\u0442 \u0414\u043b\u0438\u043d\u0430 330mm \u0428\u0438\u0440\u0438\u043d\u0430 200mm \u0412\u044b\u0441\u043e\u0442\u0430 200mm \u0426\u0432\u0435\u0442 \u041a\u043e\u0440\u0438\u0447\u043d\u0435\u0432\u044b\u0439 \u0422\u0438\u043f \u043a\u0430\u0440\u0442\u043e\u043d\u0430 3-\u0445 \u0441\u043b\u043e\u0439\u043d\u044b\u0439, \u0412\u043e\u043b\u043d\u0430 B \u0422\u0438\u043f \u0441\u043a\u043b\u0430\u0434\u044b\u0432\u0430\u043d\u0438\u044f \u041d\u0435\u043e\u0431\u0445\u043e\u0434\u0438\u043c \u0441\u043a\u043e\u0442\u0447 \u0434\u043b\u044f \u0441\u043a\u043b\u0430\u0434\u044b\u0432\u0430\u043d\u0438\u044f. Fefco 201 \u041d\u0430\u0437\u043d\u0430\u0447\u0435\u043d\u0438\u0435 \u041f\u0430\u043a\u043e\u043c\u0430\u0442\u044b, \u041f\u043e\u0447\u0442\u043e\u0432\u044b\u0435 \u043f\u043e\u0441\u044b\u043b\u043a\u0438 \u041f\u043b\u043e\u0442\u043d\u043e\u0441\u0442\u044c 360 g\/m\u00b2","og_url":"https:\/\/kastespakomatiem.lv\/ru\/magazin\/korobki\/m\/kartonnaya-korobka-330x200x200mm\/","og_site_name":"Kastes pakom\u0101tiem","article_modified_time":"2025-04-24T13:06:37+00:00","og_image":[{"width":500,"height":500,"url":"https:\/\/kastespakomatiem.lv\/wp-content\/uploads\/2024\/11\/kaste-300x300x80mm-1.png","type":"image\/png"}],"twitter_card":"summary_large_image","schema":{"@context":"https:\/\/schema.org","@graph":[{"@type":"WebPage","@id":"https:\/\/kastespakomatiem.lv\/ru\/magazin\/korobki\/m\/kartonnaya-korobka-330x200x200mm\/","url":"https:\/\/kastespakomatiem.lv\/ru\/magazin\/korobki\/m\/kartonnaya-korobka-330x200x200mm\/","name":"\u041a\u0430\u0440\u0442\u043e\u043d\u043d\u0430\u044f \u043a\u043e\u0440\u043e\u0431\u043a\u0430 330x200x200mm","isPartOf":{"@id":"https:\/\/kastespakomatiem.lv\/ru\/#website"},"primaryImageOfPage":{"@id":"https:\/\/kastespakomatiem.lv\/ru\/magazin\/korobki\/m\/kartonnaya-korobka-330x200x200mm\/#primaryimage"},"image":{"@id":"https:\/\/kastespakomatiem.lv\/ru\/magazin\/korobki\/m\/kartonnaya-korobka-330x200x200mm\/#primaryimage"},"thumbnailUrl":"https:\/\/kastespakomatiem.lv\/wp-content\/uploads\/2024\/11\/kaste-300x300x80mm-1.png","datePublished":"2025-04-24T13:01:19+00:00","dateModified":"2025-04-24T13:06:37+00:00","breadcrumb":{"@id":"https:\/\/kastespakomatiem.lv\/ru\/magazin\/korobki\/m\/kartonnaya-korobka-330x200x200mm\/#breadcrumb"},"inLanguage":"ru-RU","potentialAction":[{"@type":"ReadAction","target":["https:\/\/kastespakomatiem.lv\/ru\/magazin\/korobki\/m\/kartonnaya-korobka-330x200x200mm\/"]}]},{"@type":"ImageObject","inLanguage":"ru-RU","@id":"https:\/\/kastespakomatiem.lv\/ru\/magazin\/korobki\/m\/kartonnaya-korobka-330x200x200mm\/#primaryimage","url":"https:\/\/kastespakomatiem.lv\/wp-content\/uploads\/2024\/11\/kaste-300x300x80mm-1.png","contentUrl":"https:\/\/kastespakomatiem.lv\/wp-content\/uploads\/2024\/11\/kaste-300x300x80mm-1.png","width":500,"height":500},{"@type":"BreadcrumbList","@id":"https:\/\/kastespakomatiem.lv\/ru\/magazin\/korobki\/m\/kartonnaya-korobka-330x200x200mm\/#breadcrumb","itemListElement":[{"@type":"ListItem","position":1,"name":"\u0413\u043b\u0430\u0432\u043d\u0430\u044f \u0441\u0442\u0440\u0430\u043d\u0438\u0446\u0430","item":"https:\/\/kastespakomatiem.lv\/ru\/"},{"@type":"ListItem","position":2,"name":"\u041c\u0430\u0433\u0430\u0437\u0438\u043d","item":"https:\/\/kastespakomatiem.lv\/ru\/magazin\/"},{"@type":"ListItem","position":3,"name":"\u041a\u0430\u0440\u0442\u043e\u043d\u043d\u0430\u044f \u043a\u043e\u0440\u043e\u0431\u043a\u0430 330x200x200mm"}]},{"@type":"WebSite","@id":"https:\/\/kastespakomatiem.lv\/ru\/#website","url":"https:\/\/kastespakomatiem.lv\/ru\/","name":"Kastes pakom\u0101tiem","description":"Gatavas kartona iepakojums un iepakojuma materi\u0101li, kas atbilst Omniva, Latvijas pasts. Itella Smartpost, UDrop, DPD un citu pakom\u0101tu XS, S, M un L kast\u012b\u0161u izm\u0113riem.","publisher":{"@id":"https:\/\/kastespakomatiem.lv\/ru\/#organization"},"potentialAction":[{"@type":"SearchAction","target":{"@type":"EntryPoint","urlTemplate":"https:\/\/kastespakomatiem.lv\/ru\/?s={search_term_string}"},"query-input":{"@type":"PropertyValueSpecification","valueRequired":true,"valueName":"search_term_string"}}],"inLanguage":"ru-RU"},{"@type":"Organization","@id":"https:\/\/kastespakomatiem.lv\/ru\/#organization","name":"Kastes pakom\u0101tiem","url":"https:\/\/kastespakomatiem.lv\/ru\/","logo":{"@type":"ImageObject","inLanguage":"ru-RU","@id":"https:\/\/kastespakomatiem.lv\/ru\/#\/schema\/logo\/image\/","url":"https:\/\/kastespakomatiem.lv\/wp-content\/uploads\/2024\/11\/logo.png","contentUrl":"https:\/\/kastespakomatiem.lv\/wp-content\/uploads\/2024\/11\/logo.png","width":300,"height":148,"caption":"Kastes pakom\u0101tiem"},"image":{"@id":"https:\/\/kastespakomatiem.lv\/ru\/#\/schema\/logo\/image\/"}}]}},"_links":{"self":[{"href":"https:\/\/kastespakomatiem.lv\/ru\/wp-json\/wp\/v2\/product\/9535","targetHints":{"allow":["GET"]}}],"collection":[{"href":"https:\/\/kastespakomatiem.lv\/ru\/wp-json\/wp\/v2\/product"}],"about":[{"href":"https:\/\/kastespakomatiem.lv\/ru\/wp-json\/wp\/v2\/types\/product"}],"wp:featuredmedia":[{"embeddable":true,"href":"https:\/\/kastespakomatiem.lv\/ru\/wp-json\/wp\/v2\/media\/8693"}],"wp:attachment":[{"href":"https:\/\/kastespakomatiem.lv\/ru\/wp-json\/wp\/v2\/media?parent=9535"}],"wp:term":[{"taxonomy":"product_cat","embeddable":true,"href":"https:\/\/kastespakomatiem.lv\/ru\/wp-json\/wp\/v2\/product_cat?post=9535"},{"taxonomy":"product_tag","embeddable":true,"href":"https:\/\/kastespakomatiem.lv\/ru\/wp-json\/wp\/v2\/product_tag?post=9535"}],"curies":[{"name":"wp","href":"https:\/\/api.w.org\/{rel}","templated":true}]}}